{"id":217,"date":"2023-03-27T13:08:00","date_gmt":"2023-03-27T13:08:00","guid":{"rendered":"https:\/\/adoring-tesla.88-198-121-67.plesk.page\/?page_id=217"},"modified":"2025-09-18T20:13:25","modified_gmt":"2025-09-18T20:13:25","slug":"smv","status":"publish","type":"page","link":"https:\/\/max-planck-rs.adoring-tesla.88-198-121-67.plesk.page\/?page_id=217","title":{"rendered":"SMV"},"content":{"rendered":"\t\t<div data-elementor-type=\"wp-page\" data-elementor-id=\"217\" class=\"elementor elementor-217\">\n\t\t\t\t\t\t<section class=\"elementor-section elementor-top-section elementor-element elementor-element-976f04d elementor-section-boxed elementor-section-height-default elementor-section-height-default\" data-id=\"976f04d\" data-element_type=\"section\">\n\t\t\t\t\t\t<div class=\"elementor-container elementor-column-gap-default\">\n\t\t\t\t\t<div class=\"elementor-column elementor-col-100 elementor-top-column elementor-element elementor-element-ade5939\" data-id=\"ade5939\" data-element_type=\"column\">\n\t\t\t<div class=\"elementor-widget-wrap elementor-element-populated\">\n\t\t\t\t\t\t<div class=\"elementor-element elementor-element-8b7a933 elementor-widget elementor-widget-spacer\" data-id=\"8b7a933\" data-element_type=\"widget\" data-widget_type=\"spacer.default\">\n\t\t\t\t<div class=\"elementor-widget-container\">\n\t\t\t\t\t\t\t<div class=\"elementor-spacer\">\n\t\t\t<div class=\"elementor-spacer-inner\"><\/div>\n\t\t<\/div>\n\t\t\t\t\t\t<\/div>\n\t\t\t\t<\/div>\n\t\t\t\t\t<\/div>\n\t\t<\/div>\n\t\t\t\t\t<\/div>\n\t\t<\/section>\n\t\t\t\t<section class=\"elementor-section elementor-top-section elementor-element elementor-element-4e4f0db elementor-section-boxed elementor-section-height-default elementor-section-height-default\" data-id=\"4e4f0db\" data-element_type=\"section\">\n\t\t\t\t\t\t<div class=\"elementor-container elementor-column-gap-default\">\n\t\t\t\t\t<div class=\"elementor-column elementor-col-100 elementor-top-column elementor-element elementor-element-be3081b\" data-id=\"be3081b\" data-element_type=\"column\">\n\t\t\t<div class=\"elementor-widget-wrap elementor-element-populated\">\n\t\t\t\t\t\t<div class=\"elementor-element elementor-element-b68edd6 elementor-widget elementor-widget-heading\" data-id=\"b68edd6\" data-element_type=\"widget\" data-widget_type=\"heading.default\">\n\t\t\t\t<div class=\"elementor-widget-container\">\n\t\t\t\t\t<h4 class=\"elementor-heading-title elementor-size-default\">Die SMV - Sch\u00fclermitverantwortung<\/h4>\t\t\t\t<\/div>\n\t\t\t\t<\/div>\n\t\t\t\t<div class=\"elementor-element elementor-element-b040b61 elementor-widget elementor-widget-image\" data-id=\"b040b61\" data-element_type=\"widget\" data-widget_type=\"image.default\">\n\t\t\t\t<div class=\"elementor-widget-container\">\n\t\t\t\t\t\t\t\t\t\t\t\t\t\t\t<img fetchpriority=\"high\" decoding=\"async\" width=\"947\" height=\"617\" src=\"https:\/\/max-planck-rs.adoring-tesla.88-198-121-67.plesk.page\/wp-content\/uploads\/2024\/04\/SMV.jpg\" class=\"attachment-large size-large wp-image-25507\" alt=\"\" srcset=\"https:\/\/max-planck-rs.adoring-tesla.88-198-121-67.plesk.page\/wp-content\/uploads\/2024\/04\/SMV.jpg 947w, https:\/\/max-planck-rs.adoring-tesla.88-198-121-67.plesk.page\/wp-content\/uploads\/2024\/04\/SMV-300x195.jpg 300w, https:\/\/max-planck-rs.adoring-tesla.88-198-121-67.plesk.page\/wp-content\/uploads\/2024\/04\/SMV-768x500.jpg 768w\" sizes=\"(max-width: 947px) 100vw, 947px\" \/>\t\t\t\t\t\t\t\t\t\t\t\t\t\t\t<\/div>\n\t\t\t\t<\/div>\n\t\t\t\t<div class=\"elementor-element elementor-element-eb323ba elementor-widget elementor-widget-text-editor\" data-id=\"eb323ba\" data-element_type=\"widget\" data-widget_type=\"text-editor.default\">\n\t\t\t\t<div class=\"elementor-widget-container\">\n\t\t\t\t\t\t\t\t\t<p><strong>Was ist die SMV ?<\/strong><\/p><ul><li>SMV bedeutet Sch\u00fclermitverantwortung.<\/li><li>Zu den Mitgliedern z\u00e4hlen alle Klassensprecher\/-innen aus jeder Klasse, die Sch\u00fclersprecher\/-in und zwei Verbindungslehrer\/-in.<\/li><\/ul><p><strong><span style=\"text-decoration: underline;\">Was sind die Aufgaben der SMV ?<\/span><\/strong><\/p><ul><li>Wir sammeln eure Vorschl\u00e4ge, Ideen und Anregungen zu schulischen<br \/>Themen und vermitteln zwischen Sch\u00fclerschaft und Schulleitung. Das<br \/>hei\u00dft, alle Sch\u00fcler\/-innen unserer Schule k\u00f6nnen und d\u00fcrfen ihre Meinung<br \/>und ihre W\u00fcnsche zu schulischen Themen \u00e4u\u00dfern.<\/li><li>Au\u00dferdem organisieren wir Projekte\/ Veranstaltungen f\u00fcr unsere Sch\u00fcler\/-innen.<\/li><\/ul><p>z.B.:<\/p><p>\u2013 Aqua-Day (f\u00fcr Klasse 5 und 6)<\/p><p>\u2013 schmutziger Donnerstag an Fasching<\/p><p>\u2013 Sport- und Spieltag<\/p><p>\u2013 Fu\u00dfball-Turnier<\/p><p><strong>Was sind die Aufgaben eines Klassensprecher(s)\/-in ?<\/strong><\/p><ul><li>vertritt die Interessen der Sch\u00fcler\/-innen der Klasse<\/li><li>vermittelt bei Schwierigkeiten zwischen Klasse und Lehrer<\/li><li>leitet Diskussionen und sorgt daf\u00fcr, dass Beschl\u00fcsse auch ausgef\u00fchrt werden<\/li><li>nimmt an Sitzungen der SMV teil und informiert anschlie\u00dfend seine<br \/>Klasse dar\u00fcber<\/li><li>muss bis Ende der 3- Schulwoche gew\u00e4hlt werden<\/li><\/ul>\t\t\t\t\t\t\t\t<\/div>\n\t\t\t\t<\/div>\n\t\t\t\t<div class=\"elementor-element elementor-element-5164535 elementor-widget elementor-widget-text-editor\" data-id=\"5164535\" data-element_type=\"widget\" data-widget_type=\"text-editor.default\">\n\t\t\t\t<div class=\"elementor-widget-container\">\n\t\t\t\t\t\t\t\t\t<h4 style=\"text-align: left;\">Sch\u00fclersprecherin \u00a0und Sch\u00fclersprecher im Schuljahr 2025\/2026<\/h4>\t\t\t\t\t\t\t\t<\/div>\n\t\t\t\t<\/div>\n\t\t\t\t\t<\/div>\n\t\t<\/div>\n\t\t\t\t\t<\/div>\n\t\t<\/section>\n\t\t\t\t<section class=\"elementor-section elementor-top-section elementor-element elementor-element-a12bff9 elementor-section-boxed elementor-section-height-default elementor-section-height-default\" data-id=\"a12bff9\" data-element_type=\"section\">\n\t\t\t\t\t\t<div class=\"elementor-container elementor-column-gap-default\">\n\t\t\t\t\t<div class=\"elementor-column elementor-col-100 elementor-top-column elementor-element elementor-element-0efc3ec\" data-id=\"0efc3ec\" data-element_type=\"column\">\n\t\t\t<div class=\"elementor-widget-wrap elementor-element-populated\">\n\t\t\t\t\t\t<div class=\"elementor-element elementor-element-3db54e7 elementor-widget elementor-widget-image\" data-id=\"3db54e7\" data-element_type=\"widget\" data-widget_type=\"image.default\">\n\t\t\t\t<div class=\"elementor-widget-container\">\n\t\t\t\t\t\t\t\t\t\t\t\t<figure class=\"wp-caption\">\n\t\t\t\t\t\t\t\t\t\t<img decoding=\"async\" width=\"1024\" height=\"830\" src=\"https:\/\/max-planck-rs.adoring-tesla.88-198-121-67.plesk.page\/wp-content\/uploads\/2025\/09\/schuelersprecher-1024x830.jpg\" class=\"attachment-large size-large wp-image-26672\" alt=\"\" srcset=\"https:\/\/max-planck-rs.adoring-tesla.88-198-121-67.plesk.page\/wp-content\/uploads\/2025\/09\/schuelersprecher-1024x830.jpg 1024w, https:\/\/max-planck-rs.adoring-tesla.88-198-121-67.plesk.page\/wp-content\/uploads\/2025\/09\/schuelersprecher-300x243.jpg 300w, https:\/\/max-planck-rs.adoring-tesla.88-198-121-67.plesk.page\/wp-content\/uploads\/2025\/09\/schuelersprecher-768x623.jpg 768w, https:\/\/max-planck-rs.adoring-tesla.88-198-121-67.plesk.page\/wp-content\/uploads\/2025\/09\/schuelersprecher.jpg 1494w\" sizes=\"(max-width: 1024px) 100vw, 1024px\" \/>\t\t\t\t\t\t\t\t\t\t\t<figcaption class=\"widget-image-caption wp-caption-text\">Die Sch\u00fclersprecherin und Sch\u00fclersprecher der MPS<\/figcaption>\n\t\t\t\t\t\t\t\t\t\t<\/figure>\n\t\t\t\t\t\t\t\t\t<\/div>\n\t\t\t\t<\/div>\n\t\t\t\t\t<\/div>\n\t\t<\/div>\n\t\t\t\t\t<\/div>\n\t\t<\/section>\n\t\t\t\t<\/div>\n\t\t","protected":false},"excerpt":{"rendered":"<p>Die SMV &#8211; Sch\u00fclermitverantwortung Was ist die SMV ? SMV bedeutet Sch\u00fclermitverantwortung. Zu den Mitgliedern z\u00e4hlen alle Klassensprecher\/-innen aus jeder Klasse, die Sch\u00fclersprecher\/-in und zwei Verbindungslehrer\/-in. Was sind die Aufgaben der SMV ? Wir sammeln eure Vorschl\u00e4ge, Ideen und Anregungen zu schulischenThemen und vermitteln zwischen Sch\u00fclerschaft und Schulleitung. Dashei\u00dft, alle Sch\u00fcler\/-innen unserer Schule k\u00f6nnen und [&hellip;]<\/p>\n","protected":false},"author":1,"featured_media":0,"parent":0,"menu_order":0,"comment_status":"closed","ping_status":"closed","template":"","meta":{"site-sidebar-layout":"no-sidebar","site-content-layout":"page-builder","ast-site-content-layout":"","site-content-style":"default","site-sidebar-style":"default","ast-global-header-display":"","ast-banner-title-visibility":"","ast-main-header-display":"","ast-hfb-above-header-display":"","ast-hfb-below-header-display":"","ast-hfb-mobile-header-display":"","site-post-title":"disabled","ast-breadcrumbs-content":"","ast-featured-img":"disabled","footer-sml-layout":"","theme-transparent-header-meta":"","adv-header-id-meta":"","stick-header-meta":"","header-above-stick-meta":"","header-main-stick-meta":"","header-below-stick-meta":"","astra-migrate-meta-layouts":"default","ast-page-background-enabled":"default","ast-page-background-meta":{"desktop":{"background-color":"var(--ast-global-color-4)","background-image":"","background-repeat":"repeat","background-position":"center center","background-size":"auto","background-attachment":"scroll","background-type":"","background-media":"","overlay-type":"","overlay-color":"","overlay-opacity":"","overlay-gradient":""},"tablet":{"background-color":"","background-image":"","background-repeat":"repeat","background-position":"center center","background-size":"auto","background-attachment":"scroll","background-type":"","background-media":"","overlay-type":"","overlay-color":"","overlay-opacity":"","overlay-gradient":""},"mobile":{"background-color":"","background-image":"","background-repeat":"repeat","background-position":"center center","background-size":"auto","background-attachment":"scroll","background-type":"","background-media":"","overlay-type":"","overlay-color":"","overlay-opacity":"","overlay-gradient":""}},"ast-content-background-meta":{"desktop":{"background-color":"var(--ast-global-color-5)","background-image":"","background-repeat":"repeat","background-position":"center center","background-size":"auto","background-attachment":"scroll","background-type":"","background-media":"","overlay-type":"","overlay-color":"","overlay-opacity":"","overlay-gradient":""},"tablet":{"background-color":"var(--ast-global-color-5)","background-image":"","background-repeat":"repeat","background-position":"center center","background-size":"auto","background-attachment":"scroll","background-type":"","background-media":"","overlay-type":"","overlay-color":"","overlay-opacity":"","overlay-gradient":""},"mobile":{"background-color":"var(--ast-global-color-5)","background-image":"","background-repeat":"repeat","background-position":"center center","background-size":"auto","background-attachment":"scroll","background-type":"","background-media":"","overlay-type":"","overlay-color":"","overlay-opacity":"","overlay-gradient":""}},"footnotes":""},"class_list":["post-217","page","type-page","status-publish","hentry"],"_links":{"self":[{"href":"https:\/\/max-planck-rs.adoring-tesla.88-198-121-67.plesk.page\/index.php?rest_route=\/wp\/v2\/pages\/217","targetHints":{"allow":["GET"]}}],"collection":[{"href":"https:\/\/max-planck-rs.adoring-tesla.88-198-121-67.plesk.page\/index.php?rest_route=\/wp\/v2\/pages"}],"about":[{"href":"https:\/\/max-planck-rs.adoring-tesla.88-198-121-67.plesk.page\/index.php?rest_route=\/wp\/v2\/types\/page"}],"author":[{"embeddable":true,"href":"https:\/\/max-planck-rs.adoring-tesla.88-198-121-67.plesk.page\/index.php?rest_route=\/wp\/v2\/users\/1"}],"replies":[{"embeddable":true,"href":"https:\/\/max-planck-rs.adoring-tesla.88-198-121-67.plesk.page\/index.php?rest_route=%2Fwp%2Fv2%2Fcomments&post=217"}],"version-history":[{"count":46,"href":"https:\/\/max-planck-rs.adoring-tesla.88-198-121-67.plesk.page\/index.php?rest_route=\/wp\/v2\/pages\/217\/revisions"}],"predecessor-version":[{"id":26926,"href":"https:\/\/max-planck-rs.adoring-tesla.88-198-121-67.plesk.page\/index.php?rest_route=\/wp\/v2\/pages\/217\/revisions\/26926"}],"wp:attachment":[{"href":"https:\/\/max-planck-rs.adoring-tesla.88-198-121-67.plesk.page\/index.php?rest_route=%2Fwp%2Fv2%2Fmedia&parent=217"}],"curies":[{"name":"wp","href":"https:\/\/api.w.org\/{rel}","templated":true}]}}