{"id":24922,"date":"2023-06-19T12:53:41","date_gmt":"2023-06-19T12:53:41","guid":{"rendered":"https:\/\/max-planck-rs.adoring-tesla.88-198-121-67.plesk.page\/?page_id=24922"},"modified":"2025-09-18T20:02:29","modified_gmt":"2025-09-18T20:02:29","slug":"schultraegerinfos","status":"publish","type":"page","link":"https:\/\/max-planck-rs.adoring-tesla.88-198-121-67.plesk.page\/?page_id=24922","title":{"rendered":"Schultr\u00e4gerinfos"},"content":{"rendered":"\t\t<div data-elementor-type=\"wp-page\" data-elementor-id=\"24922\" class=\"elementor elementor-24922\">\n\t\t\t\t\t\t<section class=\"elementor-section elementor-top-section elementor-element elementor-element-ca7dcfb elementor-section-boxed elementor-section-height-default elementor-section-height-default\" data-id=\"ca7dcfb\" data-element_type=\"section\">\n\t\t\t\t\t\t<div class=\"elementor-container elementor-column-gap-default\">\n\t\t\t\t\t<div class=\"elementor-column elementor-col-100 elementor-top-column elementor-element elementor-element-b46720d\" data-id=\"b46720d\" data-element_type=\"column\">\n\t\t\t<div class=\"elementor-widget-wrap elementor-element-populated\">\n\t\t\t\t\t\t<div class=\"elementor-element elementor-element-f2a7596 elementor-widget elementor-widget-spacer\" data-id=\"f2a7596\" data-element_type=\"widget\" data-widget_type=\"spacer.default\">\n\t\t\t\t<div class=\"elementor-widget-container\">\n\t\t\t\t\t\t\t<div class=\"elementor-spacer\">\n\t\t\t<div class=\"elementor-spacer-inner\"><\/div>\n\t\t<\/div>\n\t\t\t\t\t\t<\/div>\n\t\t\t\t<\/div>\n\t\t\t\t\t<\/div>\n\t\t<\/div>\n\t\t\t\t\t<\/div>\n\t\t<\/section>\n\t\t\t\t<section class=\"elementor-section elementor-top-section elementor-element elementor-element-3235257 elementor-section-boxed elementor-section-height-default elementor-section-height-default\" data-id=\"3235257\" data-element_type=\"section\">\n\t\t\t\t\t\t<div class=\"elementor-container elementor-column-gap-default\">\n\t\t\t\t\t<div class=\"elementor-column elementor-col-100 elementor-top-column elementor-element elementor-element-707218e\" data-id=\"707218e\" data-element_type=\"column\">\n\t\t\t<div class=\"elementor-widget-wrap elementor-element-populated\">\n\t\t\t\t\t\t<div class=\"elementor-element elementor-element-d7b71df elementor-widget elementor-widget-heading\" data-id=\"d7b71df\" data-element_type=\"widget\" data-widget_type=\"heading.default\">\n\t\t\t\t<div class=\"elementor-widget-container\">\n\t\t\t\t\t<h4 class=\"elementor-heading-title elementor-size-default\">Informationen zum Schultr\u00e4ger der Max-Planck-Schule<\/h4>\t\t\t\t<\/div>\n\t\t\t\t<\/div>\n\t\t\t\t\t<\/div>\n\t\t<\/div>\n\t\t\t\t\t<\/div>\n\t\t<\/section>\n\t\t\t\t<section class=\"elementor-section elementor-top-section elementor-element elementor-element-2ccc9d83 elementor-section-boxed elementor-section-height-default elementor-section-height-default\" data-id=\"2ccc9d83\" data-element_type=\"section\">\n\t\t\t\t\t\t<div class=\"elementor-container elementor-column-gap-default\">\n\t\t\t\t\t<div class=\"elementor-column elementor-col-100 elementor-top-column elementor-element elementor-element-2b851db1\" data-id=\"2b851db1\" data-element_type=\"column\">\n\t\t\t<div class=\"elementor-widget-wrap elementor-element-populated\">\n\t\t\t\t\t\t<div class=\"elementor-element elementor-element-aff09e1 elementor-widget elementor-widget-spacer\" data-id=\"aff09e1\" data-element_type=\"widget\" data-widget_type=\"spacer.default\">\n\t\t\t\t<div class=\"elementor-widget-container\">\n\t\t\t\t\t\t\t<div class=\"elementor-spacer\">\n\t\t\t<div class=\"elementor-spacer-inner\"><\/div>\n\t\t<\/div>\n\t\t\t\t\t\t<\/div>\n\t\t\t\t<\/div>\n\t\t\t\t<div class=\"elementor-element elementor-element-5df87553 elementor-widget elementor-widget-text-editor\" data-id=\"5df87553\" data-element_type=\"widget\" data-widget_type=\"text-editor.default\">\n\t\t\t\t<div class=\"elementor-widget-container\">\n\t\t\t\t\t\t\t\t\t<h4 class=\"wp-block-heading\" style=\"text-align: left;\"><strong>Tr\u00e4ger der Max-Planck-Schule ist die Gemeinde Bad Krozingen.<\/strong><\/h4>\n<p><!-- \/wp:heading --><\/p>\n<p><!-- wp:image {\"id\":25495,\"sizeSlug\":\"full\",\"linkDestination\":\"none\",\"align\":\"wide\"} --><\/p>\n<figure class=\"wp-block-image alignwide size-full\"><img fetchpriority=\"high\" decoding=\"async\" width=\"745\" height=\"258\" class=\"wp-image-25495\" src=\"https:\/\/max-planck-rs.adoring-tesla.88-198-121-67.plesk.page\/wp-content\/uploads\/2024\/04\/Bilder-Schultraeger-Bad-Krozingen.png\" alt=\"\" srcset=\"https:\/\/max-planck-rs.adoring-tesla.88-198-121-67.plesk.page\/wp-content\/uploads\/2024\/04\/Bilder-Schultraeger-Bad-Krozingen.png 745w, https:\/\/max-planck-rs.adoring-tesla.88-198-121-67.plesk.page\/wp-content\/uploads\/2024\/04\/Bilder-Schultraeger-Bad-Krozingen-300x104.png 300w\" sizes=\"(max-width: 745px) 100vw, 745px\" \/><\/figure>\n<p><!-- \/wp:image --><\/p>\t\t\t\t\t\t\t\t<\/div>\n\t\t\t\t<\/div>\n\t\t\t\t<div class=\"elementor-element elementor-element-f12b60d elementor-widget elementor-widget-text-editor\" data-id=\"f12b60d\" data-element_type=\"widget\" data-widget_type=\"text-editor.default\">\n\t\t\t\t<div class=\"elementor-widget-container\">\n\t\t\t\t\t\t\t\t\t<header class=\"headlineArea\">\n<h4>Bad Krozingen &#8211; Die Gesundheitsstadt mit Wohlf\u00fchlcharakter<\/h4>\n<\/header>\n<article id=\"mainContentArea\" class=\"mainContent hyphenate\">\n<div class=\"mainEditorContentArea clearfix\">\n<p>als Herz des s\u00fcd\u00adli\u00adchen Breis\u00adgaus schl\u00e4gt in Bad Kro\u00adzin\u00adgen. Aus dem klas\u00adsi\u00adschen Kur\u00adort von einst ist heu\u00adte ei\u00adne Stadt ge\u00adwach\u00adsen, die Akut\u00adme\u00addi\u00adzin, Re\u00adha\u00adbi\u00adli\u00adta\u00adti\u00adon und Ge\u00adsund\u00adheits\u00advor\u00adsor\u00adge mit qua\u00adli\u00adfi\u00adzier\u00adten Ar\u00adbeits\u00adpl\u00e4t\u00adzen in Hand\u00adwerk, Han\u00addel und Dienst\u00adleis\u00adtun\u00adgen ver\u00adbin\u00addet. Hin\u00adzu kom\u00admen das um\u00adfas\u00adsen\u00adde An\u00adge\u00adbot im Be\u00adreich schu\u00adli\u00adsche Aus\u00adbil\u00addung mit al\u00adlen wei\u00adter\u00adf\u00fch\u00adren\u00adden Schu\u00adlen, da\u00adzu aus\u00adge\u00adzeich\u00adne\u00adte Ver\u00adsor\u00adgungs\u00adm\u00f6g\u00adlich\u00adkei\u00adten und ei\u00adne gut aus\u00adge\u00adbau\u00adte Ver\u00adkehrs\u00adin\u00adfra\u00adstruk\u00adtur im \u00f6f\u00adfent\u00adli\u00adchen wie im pri\u00adva\u00adten Sek\u00adtor.<\/p>\n<p>Das Herz der Re\u00adgi\u00adon schl\u00e4gt in Bad Kro\u00adzin\u00adgen, und das so\u00adwohl im w\u00f6rt\u00adli\u00adchen wie auch im \u00fcber\u00adtra\u00adge\u00adnen Sinn. Das Herz\u00adzen\u00adtrum Bad Kro\u00adzin\u00adgen ist der gr\u00f6\u00ad\u00df\u00adte Ar\u00adbeit\u00adge\u00adber in der Kur\u00adstadt und auf\u00adgrund der her\u00advor\u00adra\u00adgen\u00adden Ar\u00adbeit, die dort ge\u00adleis\u00adtet wird, zu\u00adgleich Mo\u00adtor des Ge\u00adsund\u00adheits\u00adstand\u00ador\u00adtes. Er wird er\u00adg\u00e4nzt durch acht Re\u00adha\u00adbi\u00adli\u00adta\u00adti\u00adons\u00adkli\u00adni\u00adken so\u00adwie ein dich\u00adtes Netz an \u00c4rz\u00adten, Phy\u00adsio\u00adthe\u00adra\u00adpeu\u00adten und wei\u00adte\u00adren Dienst\u00adleis\u00adtern im Ge\u00adsund\u00adheits\u00adbe\u00adreich.<\/p>\n<p>Aber die Stadt Bad Kro\u00adzin\u00adgen hat noch viel mehr zu bie\u00adten: Sie ist Ein\u00adkaufs\u00adstadt, kul\u00adtu\u00adrel\u00adles Zen\u00adtrum und be\u00advor\u00adzug\u00adter Wohn\u00adort. Nicht nur bei den Ver\u00adan\u00adstal\u00adtun\u00adgen des Ge\u00adwer\u00adbe\u00adver\u00adban\u00addes und ver\u00adkaufs\u00adof\u00adfe\u00adnen Sonn\u00adta\u00adgen ist die Stadt vol\u00adler Le\u00adben. Vie\u00adle Be\u00adsu\u00adcher, Kur\u00adg\u00e4s\u00adte und B\u00fcr\u00adger aus dem Mit\u00adtel\u00adzen\u00adtrums\u00adbe\u00adreich und aus Frei\u00adburg kau\u00adfen in Bad Kro\u00adzin\u00adgen ein, weil An\u00adge\u00adbot und Ser\u00advice stim\u00admen. Park\u00adge\u00adb\u00fch\u00adren ge\u00adh\u00f6\u00adren in Bad Kro\u00adzin\u00adgen \u00fcb\u00adri\u00adgens schon lan\u00adge der Ver\u00adgan\u00adgen\u00adheit an.<\/p>\n<p>Die Schloss\u00adkon\u00adzer\u00adte, das Open Air-Pro\u00adgramm im Kur\u00adpark und an\u00adde\u00adre kul\u00adtu\u00adrel\u00adle Ver\u00adan\u00adstal\u00adtun\u00adgen auch in den Orts\u00adtei\u00adlen zie\u00adhen je\u00addes Jahr tau\u00adsen\u00adde Be\u00adsu\u00adcher an.<br>Die Le\u00adbens\u00adqua\u00adli\u00adt\u00e4t ist so hoch wie in kaum ei\u00adner an\u00adde\u00adren Stadt ver\u00adgleich\u00adba\u00adrer Gr\u00f6\u00ad\u00dfe in S\u00fcd\u00adba\u00adden. Weil vie\u00adle Men\u00adschen dies l\u00e4ngst er\u00adkannt ha\u00adben, w\u00e4chst Bad Kro\u00adzin\u00adgen nach al\u00adlen Vor\u00adher\u00adsa\u00adgen auch in den n\u00e4chs\u00adten 20 Jah\u00adren. Sorg\u00adf\u00e4l\u00adtig wer\u00adden in der Kern\u00adstadt und in den Teil\u00ador\u00adten Bi\u00aden\u00adgen, Hau\u00adsen, Schlatt und Tun\u00adsel neue Bau\u00adge\u00adbie\u00adte ent\u00adwi\u00adckelt. Fa\u00admi\u00adli\u00aden, aber auch \u00e4l\u00adte\u00adre Men\u00adschen, die nach Bad Kro\u00adzin\u00adgen zie\u00adhen, wer\u00adden schnell hei\u00admisch, nicht zu\u00adletzt dank ei\u00adnes gut funk\u00adtio\u00adnie\u00adren\u00adden dich\u00adten Netz\u00adwer\u00adkes aus \u00fcber 100 Ver\u00adei\u00adnen.<\/p>\n<p>Die Vi\u00adta Clas\u00adsi\u00adca Ther\u00adme kom\u00adbi\u00adniert mo\u00adderns\u00adte Ge\u00adsund\u00adheits\u00adan\u00adge\u00adbo\u00adte mit Well\u00adness aus der gan\u00adzen Welt, vom t\u00fcr\u00adki\u00adschen \u00fcber das in\u00addi\u00adsche bis zum ja\u00adpa\u00adni\u00adschen Bad. Die Ther\u00adme zieht Be\u00adsu\u00adcher aus nah und fern an. Un\u00adab\u00adh\u00e4n\u00adgig da\u00advon gibt es un\u00adz\u00e4h\u00adli\u00adge wei\u00adte\u00adre M\u00f6g\u00adlich\u00adkei\u00adten, die Frei\u00adzeit zu ge\u00adstal\u00adten.<\/p>\n<p>Die geo\u00adgra\u00adphisch reiz\u00advol\u00adle La\u00adge zwi\u00adschen den Wein\u00adre\u00adben des Kai\u00adser\u00adstuhls, den Erd\u00adbeer- und Spar\u00adgel\u00adfel\u00addern der Rhein\u00adebe\u00adne und den H\u00f6\u00adhen des Schwarz\u00adwal\u00addes ver\u00adbun\u00adden mit der N\u00e4\u00adhe zur Uni\u00adver\u00adsi\u00adt\u00e4ts\u00adstadt Frei\u00adburg ver\u00adleiht Bad Kro\u00adzin\u00adgen das Pr\u00e4\u00addi\u00adkat &#8222;be\u00adson\u00adders wert\u00advoll&#8220;.<\/p>\n<p>Weitere Informationen \u00fcber Bad Krozingen und seine Ortteile finden sich auf der Homepage der Gemeinde:<\/p>\n<p>https:\/\/www.bad-krozingen.de\/willkommen<\/p><p><br><\/p>\n<p><\/p>\n<\/div>\n<\/article>\t\t\t\t\t\t\t\t<\/div>\n\t\t\t\t<\/div>\n\t\t\t\t\t<\/div>\n\t\t<\/div>\n\t\t\t\t\t<\/div>\n\t\t<\/section>\n\t\t\t\t<\/div>\n\t\t","protected":false},"excerpt":{"rendered":"<p>Informationen zum Schultr\u00e4ger der Max-Planck-Schule Tr\u00e4ger der Max-Planck-Schule ist die Gemeinde Bad Krozingen. Bad Krozingen &#8211; Die Gesundheitsstadt mit Wohlf\u00fchlcharakter als Herz des s\u00fcd\u00adli\u00adchen Breis\u00adgaus schl\u00e4gt in Bad Kro\u00adzin\u00adgen. Aus dem klas\u00adsi\u00adschen Kur\u00adort von einst ist heu\u00adte ei\u00adne Stadt ge\u00adwach\u00adsen, die Akut\u00adme\u00addi\u00adzin, Re\u00adha\u00adbi\u00adli\u00adta\u00adti\u00adon und Ge\u00adsund\u00adheits\u00advor\u00adsor\u00adge mit qua\u00adli\u00adfi\u00adzier\u00adten Ar\u00adbeits\u00adpl\u00e4t\u00adzen in Hand\u00adwerk, Han\u00addel und Dienst\u00adleis\u00adtun\u00adgen ver\u00adbin\u00addet. Hin\u00adzu [&hellip;]<\/p>\n","protected":false},"author":1,"featured_media":0,"parent":0,"menu_order":0,"comment_status":"closed","ping_status":"closed","template":"","meta":{"site-sidebar-layout":"no-sidebar","site-content-layout":"page-builder","ast-site-content-layout":"full-width-container","site-content-style":"default","site-sidebar-style":"default","ast-global-header-display":"","ast-banner-title-visibility":"","ast-main-header-display":"","ast-hfb-above-header-display":"","ast-hfb-below-header-display":"","ast-hfb-mobile-header-display":"","site-post-title":"disabled","ast-breadcrumbs-content":"","ast-featured-img":"disabled","footer-sml-layout":"","theme-transparent-header-meta":"","adv-header-id-meta":"","stick-header-meta":"","header-above-stick-meta":"","header-main-stick-meta":"","header-below-stick-meta":"","astra-migrate-meta-layouts":"default","ast-page-background-enabled":"default","ast-page-background-meta":{"desktop":{"background-color":"var(--ast-global-color-4)","background-image":"","background-repeat":"repeat","background-position":"center center","background-size":"auto","background-attachment":"scroll","background-type":"","background-media":"","overlay-type":"","overlay-color":"","overlay-opacity":"","overlay-gradient":""},"tablet":{"background-color":"","background-image":"","background-repeat":"repeat","background-position":"center center","background-size":"auto","background-attachment":"scroll","background-type":"","background-media":"","overlay-type":"","overlay-color":"","overlay-opacity":"","overlay-gradient":""},"mobile":{"background-color":"","background-image":"","background-repeat":"repeat","background-position":"center center","background-size":"auto","background-attachment":"scroll","background-type":"","background-media":"","overlay-type":"","overlay-color":"","overlay-opacity":"","overlay-gradient":""}},"ast-content-background-meta":{"desktop":{"background-color":"var(--ast-global-color-5)","background-image":"","background-repeat":"repeat","background-position":"center center","background-size":"auto","background-attachment":"scroll","background-type":"","background-media":"","overlay-type":"","overlay-color":"","overlay-opacity":"","overlay-gradient":""},"tablet":{"background-color":"var(--ast-global-color-5)","background-image":"","background-repeat":"repeat","background-position":"center center","background-size":"auto","background-attachment":"scroll","background-type":"","background-media":"","overlay-type":"","overlay-color":"","overlay-opacity":"","overlay-gradient":""},"mobile":{"background-color":"var(--ast-global-color-5)","background-image":"","background-repeat":"repeat","background-position":"center center","background-size":"auto","background-attachment":"scroll","background-type":"","background-media":"","overlay-type":"","overlay-color":"","overlay-opacity":"","overlay-gradient":""}},"footnotes":""},"class_list":["post-24922","page","type-page","status-publish","hentry"],"_links":{"self":[{"href":"https:\/\/max-planck-rs.adoring-tesla.88-198-121-67.plesk.page\/index.php?rest_route=\/wp\/v2\/pages\/24922","targetHints":{"allow":["GET"]}}],"collection":[{"href":"https:\/\/max-planck-rs.adoring-tesla.88-198-121-67.plesk.page\/index.php?rest_route=\/wp\/v2\/pages"}],"about":[{"href":"https:\/\/max-planck-rs.adoring-tesla.88-198-121-67.plesk.page\/index.php?rest_route=\/wp\/v2\/types\/page"}],"author":[{"embeddable":true,"href":"https:\/\/max-planck-rs.adoring-tesla.88-198-121-67.plesk.page\/index.php?rest_route=\/wp\/v2\/users\/1"}],"replies":[{"embeddable":true,"href":"https:\/\/max-planck-rs.adoring-tesla.88-198-121-67.plesk.page\/index.php?rest_route=%2Fwp%2Fv2%2Fcomments&post=24922"}],"version-history":[{"count":22,"href":"https:\/\/max-planck-rs.adoring-tesla.88-198-121-67.plesk.page\/index.php?rest_route=\/wp\/v2\/pages\/24922\/revisions"}],"predecessor-version":[{"id":26919,"href":"https:\/\/max-planck-rs.adoring-tesla.88-198-121-67.plesk.page\/index.php?rest_route=\/wp\/v2\/pages\/24922\/revisions\/26919"}],"wp:attachment":[{"href":"https:\/\/max-planck-rs.adoring-tesla.88-198-121-67.plesk.page\/index.php?rest_route=%2Fwp%2Fv2%2Fmedia&parent=24922"}],"curies":[{"name":"wp","href":"https:\/\/api.w.org\/{rel}","templated":true}]}}