{"id":25377,"date":"2024-03-13T13:42:45","date_gmt":"2024-03-13T13:42:45","guid":{"rendered":"https:\/\/max-planck-rs.adoring-tesla.88-198-121-67.plesk.page\/?page_id=25377"},"modified":"2025-09-18T18:51:46","modified_gmt":"2025-09-18T18:51:46","slug":"elternbeirat-2","status":"publish","type":"page","link":"https:\/\/max-planck-rs.adoring-tesla.88-198-121-67.plesk.page\/?page_id=25377","title":{"rendered":"Elternbeirat"},"content":{"rendered":"\t\t<div data-elementor-type=\"wp-page\" data-elementor-id=\"25377\" class=\"elementor elementor-25377\">\n\t\t\t\t\t\t<section class=\"elementor-section elementor-top-section elementor-element elementor-element-2e51053 elementor-section-boxed elementor-section-height-default elementor-section-height-default\" data-id=\"2e51053\" data-element_type=\"section\">\n\t\t\t\t\t\t<div class=\"elementor-container elementor-column-gap-default\">\n\t\t\t\t\t<div class=\"elementor-column elementor-col-100 elementor-top-column elementor-element elementor-element-6ea10af\" data-id=\"6ea10af\" data-element_type=\"column\">\n\t\t\t<div class=\"elementor-widget-wrap elementor-element-populated\">\n\t\t\t\t\t\t<div class=\"elementor-element elementor-element-95f05dd elementor-widget elementor-widget-spacer\" data-id=\"95f05dd\" data-element_type=\"widget\" data-widget_type=\"spacer.default\">\n\t\t\t\t<div class=\"elementor-widget-container\">\n\t\t\t\t\t\t\t<div class=\"elementor-spacer\">\n\t\t\t<div class=\"elementor-spacer-inner\"><\/div>\n\t\t<\/div>\n\t\t\t\t\t\t<\/div>\n\t\t\t\t<\/div>\n\t\t\t\t\t<\/div>\n\t\t<\/div>\n\t\t\t\t\t<\/div>\n\t\t<\/section>\n\t\t\t\t<section class=\"elementor-section elementor-top-section elementor-element elementor-element-1fcd64e3 elementor-section-boxed elementor-section-height-default elementor-section-height-default\" data-id=\"1fcd64e3\" data-element_type=\"section\">\n\t\t\t\t\t\t<div class=\"elementor-container elementor-column-gap-default\">\n\t\t\t\t\t<div class=\"elementor-column elementor-col-100 elementor-top-column elementor-element elementor-element-477ac63e\" data-id=\"477ac63e\" data-element_type=\"column\">\n\t\t\t<div class=\"elementor-widget-wrap elementor-element-populated\">\n\t\t\t\t\t\t<div class=\"elementor-element elementor-element-8e10869 elementor-widget elementor-widget-heading\" data-id=\"8e10869\" data-element_type=\"widget\" data-widget_type=\"heading.default\">\n\t\t\t\t<div class=\"elementor-widget-container\">\n\t\t\t\t\t<h4 class=\"elementor-heading-title elementor-size-default\">Elternbeirat<\/h4>\t\t\t\t<\/div>\n\t\t\t\t<\/div>\n\t\t\t\t<div class=\"elementor-element elementor-element-75967ecf elementor-widget elementor-widget-text-editor\" data-id=\"75967ecf\" data-element_type=\"widget\" data-widget_type=\"text-editor.default\">\n\t\t\t\t<div class=\"elementor-widget-container\">\n\t\t\t\t\t\t\t\t\t\n<h4 class=\"wp-block-heading\" style=\"text-align: left;\"><strong>Unsere diesj\u00e4hrigen Elternbeir\u00e4te:<\/strong><\/h4>\n\n<h5 class=\"wp-block-heading\" style=\"text-align: left;\">Carsten Weber\u00a0 (Elternbeiratsvorsitzender)<\/h5>\n\n<h5 class=\"wp-block-heading\" style=\"text-align: left;\">Tanja Gerenstein (stellv. Elternbeiratsvorsitzender)\u00a0\u00a0<\/h5>\n\n<div class=\"wp-block-group is-layout-constrained wp-block-group-is-layout-constrained\">\n<div class=\"wp-block-group is-layout-constrained wp-block-group-is-layout-constrained\">\n<p style=\"text-align: left;\">Liebe Eltern und Erziehungsberechtigte,<\/p>\n\n<p style=\"text-align: left;\">wir freuen uns \u00fcber jeden, der sich f\u00fcr das Ehrenamt als Elternvertreter interessiert. Der Elternbeirat bringt Eltern und Schule zusammen. Sie sind herzlich eingeladen das Schulleben mitzugestalten. Eltern haben vielf\u00e4ltige M\u00f6glichkeiten am Schulleben mitzuwirken. Sie interessieren sich f\u00fcr die Elternarbeit der MPRS oder m\u00f6chten Sie vielleicht sogar aktiv mitwirken? Elternarbeit ist Arbeit von Eltern mit den Eltern zum Wohle unserer Kinder. Kommen Sie auf uns zu.Wir w\u00fcnschen Ihnen, aber vor allem Ihren Kindern, eine sch\u00f6ne und lehrreiche Zeit in unserer Realschule.<\/p>\n\n<p style=\"text-align: left;\">Ihre ElternbeiratsvorsitzendenCarsten Weber und Tanja Gerenstein<\/p>\n<\/div>\n<\/div>\n\n<p class=\"has-text-align-center\"><strong>Email:\u00a0 \u00a0<\/strong><\/p>\n\n<figure id=\"block-b178941b-ac25-4982-a378-a129fbd3818d\" class=\"wp-block-image aligncenter\"><img decoding=\"async\" src=\"https:\/\/max-planck-rs.de\/wp-content\/uploads\/2017\/05\/brieg.png\" alt=\"Dieses Bild hat ein leeres Alt-Attribut. Der Dateiname ist brieg.png\" \/>\n<figcaption class=\"wp-element-caption\"><a href=\"https:\/\/max-planck-rs.de\/nachricht-an-die-elternbeiratsvorsitzende\/\">Nachricht an Herrn Weber<\/a><\/figcaption>\n<\/figure>\n\n<figure id=\"block-107720de-5785-4578-8dd4-48ad18d72d93\" class=\"wp-block-image aligncenter\"><img decoding=\"async\" src=\"https:\/\/max-planck-rs.de\/wp-content\/uploads\/2017\/05\/brieg.png\" alt=\"Dieses Bild hat ein leeres Alt-Attribut. Der Dateiname ist brieg.png\" \/>\n<figcaption class=\"wp-element-caption\"><a href=\"https:\/\/max-planck-rs.de\/nachricht-an-den-stellvertretenden-elternbeiratsvorsitzenden\/\">Nachricht an Frau Gerenstein<\/a><\/figcaption>\n<\/figure>\n\n<p id=\"block-0beafd61-78b8-4f7c-ab0b-862d754ea6a0\">\u00a0<\/p>\n\t\t\t\t\t\t\t\t<\/div>\n\t\t\t\t<\/div>\n\t\t\t\t\t<\/div>\n\t\t<\/div>\n\t\t\t\t\t<\/div>\n\t\t<\/section>\n\t\t\t\t<\/div>\n\t\t","protected":false},"excerpt":{"rendered":"<p>Elternbeirat Unsere diesj\u00e4hrigen Elternbeir\u00e4te: Carsten Weber\u00a0 (Elternbeiratsvorsitzender) Tanja Gerenstein (stellv. Elternbeiratsvorsitzender)\u00a0\u00a0 Liebe Eltern und Erziehungsberechtigte, wir freuen uns \u00fcber jeden, der sich f\u00fcr das Ehrenamt als Elternvertreter interessiert. Der Elternbeirat bringt Eltern und Schule zusammen. Sie sind herzlich eingeladen das Schulleben mitzugestalten. Eltern haben vielf\u00e4ltige M\u00f6glichkeiten am Schulleben mitzuwirken. Sie interessieren sich f\u00fcr die Elternarbeit [&hellip;]<\/p>\n","protected":false},"author":3,"featured_media":0,"parent":0,"menu_order":0,"comment_status":"closed","ping_status":"closed","template":"","meta":{"site-sidebar-layout":"default","site-content-layout":"","ast-site-content-layout":"default","site-content-style":"default","site-sidebar-style":"default","ast-global-header-display":"","ast-banner-title-visibility":"","ast-main-header-display":"","ast-hfb-above-header-display":"","ast-hfb-below-header-display":"","ast-hfb-mobile-header-display":"","site-post-title":"disabled","ast-breadcrumbs-content":"","ast-featured-img":"","footer-sml-layout":"","theme-transparent-header-meta":"","adv-header-id-meta":"","stick-header-meta":"","header-above-stick-meta":"","header-main-stick-meta":"","header-below-stick-meta":"","astra-migrate-meta-layouts":"set","ast-page-background-enabled":"default","ast-page-background-meta":{"desktop":{"background-color":"var(--ast-global-color-4)","background-image":"","background-repeat":"repeat","background-position":"center center","background-size":"auto","background-attachment":"scroll","background-type":"","background-media":"","overlay-type":"","overlay-color":"","overlay-opacity":"","overlay-gradient":""},"tablet":{"background-color":"","background-image":"","background-repeat":"repeat","background-position":"center center","background-size":"auto","background-attachment":"scroll","background-type":"","background-media":"","overlay-type":"","overlay-color":"","overlay-opacity":"","overlay-gradient":""},"mobile":{"background-color":"","background-image":"","background-repeat":"repeat","background-position":"center center","background-size":"auto","background-attachment":"scroll","background-type":"","background-media":"","overlay-type":"","overlay-color":"","overlay-opacity":"","overlay-gradient":""}},"ast-content-background-meta":{"desktop":{"background-color":"var(--ast-global-color-5)","background-image":"","background-repeat":"repeat","background-position":"center center","background-size":"auto","background-attachment":"scroll","background-type":"","background-media":"","overlay-type":"","overlay-color":"","overlay-opacity":"","overlay-gradient":""},"tablet":{"background-color":"var(--ast-global-color-5)","background-image":"","background-repeat":"repeat","background-position":"center center","background-size":"auto","background-attachment":"scroll","background-type":"","background-media":"","overlay-type":"","overlay-color":"","overlay-opacity":"","overlay-gradient":""},"mobile":{"background-color":"var(--ast-global-color-5)","background-image":"","background-repeat":"repeat","background-position":"center center","background-size":"auto","background-attachment":"scroll","background-type":"","background-media":"","overlay-type":"","overlay-color":"","overlay-opacity":"","overlay-gradient":""}},"footnotes":""},"class_list":["post-25377","page","type-page","status-publish","hentry"],"_links":{"self":[{"href":"https:\/\/max-planck-rs.adoring-tesla.88-198-121-67.plesk.page\/index.php?rest_route=\/wp\/v2\/pages\/25377","targetHints":{"allow":["GET"]}}],"collection":[{"href":"https:\/\/max-planck-rs.adoring-tesla.88-198-121-67.plesk.page\/index.php?rest_route=\/wp\/v2\/pages"}],"about":[{"href":"https:\/\/max-planck-rs.adoring-tesla.88-198-121-67.plesk.page\/index.php?rest_route=\/wp\/v2\/types\/page"}],"author":[{"embeddable":true,"href":"https:\/\/max-planck-rs.adoring-tesla.88-198-121-67.plesk.page\/index.php?rest_route=\/wp\/v2\/users\/3"}],"replies":[{"embeddable":true,"href":"https:\/\/max-planck-rs.adoring-tesla.88-198-121-67.plesk.page\/index.php?rest_route=%2Fwp%2Fv2%2Fcomments&post=25377"}],"version-history":[{"count":10,"href":"https:\/\/max-planck-rs.adoring-tesla.88-198-121-67.plesk.page\/index.php?rest_route=\/wp\/v2\/pages\/25377\/revisions"}],"predecessor-version":[{"id":26874,"href":"https:\/\/max-planck-rs.adoring-tesla.88-198-121-67.plesk.page\/index.php?rest_route=\/wp\/v2\/pages\/25377\/revisions\/26874"}],"wp:attachment":[{"href":"https:\/\/max-planck-rs.adoring-tesla.88-198-121-67.plesk.page\/index.php?rest_route=%2Fwp%2Fv2%2Fmedia&parent=25377"}],"curies":[{"name":"wp","href":"https:\/\/api.w.org\/{rel}","templated":true}]}}