{"id":25592,"date":"2024-04-15T16:16:13","date_gmt":"2024-04-15T16:16:13","guid":{"rendered":"https:\/\/max-planck-rs.adoring-tesla.88-198-121-67.plesk.page\/?page_id=25592"},"modified":"2025-09-18T20:34:04","modified_gmt":"2025-09-18T20:34:04","slug":"elementor-25592","status":"publish","type":"page","link":"https:\/\/max-planck-rs.adoring-tesla.88-198-121-67.plesk.page\/?page_id=25592","title":{"rendered":"Schulsanit\u00e4tsdienst"},"content":{"rendered":"\t\t<div data-elementor-type=\"wp-page\" data-elementor-id=\"25592\" class=\"elementor elementor-25592\">\n\t\t\t\t\t\t<section class=\"elementor-section elementor-top-section elementor-element elementor-element-966d3ae elementor-section-boxed elementor-section-height-default elementor-section-height-default\" data-id=\"966d3ae\" data-element_type=\"section\">\n\t\t\t\t\t\t<div class=\"elementor-container elementor-column-gap-default\">\n\t\t\t\t\t<div class=\"elementor-column elementor-col-100 elementor-top-column elementor-element elementor-element-4337300\" data-id=\"4337300\" data-element_type=\"column\">\n\t\t\t<div class=\"elementor-widget-wrap elementor-element-populated\">\n\t\t\t\t\t\t<div class=\"elementor-element elementor-element-d993b26 elementor-widget elementor-widget-spacer\" data-id=\"d993b26\" data-element_type=\"widget\" data-widget_type=\"spacer.default\">\n\t\t\t\t<div class=\"elementor-widget-container\">\n\t\t\t\t\t\t\t<div class=\"elementor-spacer\">\n\t\t\t<div class=\"elementor-spacer-inner\"><\/div>\n\t\t<\/div>\n\t\t\t\t\t\t<\/div>\n\t\t\t\t<\/div>\n\t\t\t\t\t<\/div>\n\t\t<\/div>\n\t\t\t\t\t<\/div>\n\t\t<\/section>\n\t\t\t\t<section class=\"elementor-section elementor-top-section elementor-element elementor-element-c2d9383 elementor-section-boxed elementor-section-height-default elementor-section-height-default\" data-id=\"c2d9383\" data-element_type=\"section\">\n\t\t\t\t\t\t<div class=\"elementor-container elementor-column-gap-default\">\n\t\t\t\t\t<div class=\"elementor-column elementor-col-100 elementor-top-column elementor-element elementor-element-e0dd8de\" data-id=\"e0dd8de\" data-element_type=\"column\">\n\t\t\t<div class=\"elementor-widget-wrap elementor-element-populated\">\n\t\t\t\t\t\t<div class=\"elementor-element elementor-element-2ea3ee1 elementor-widget elementor-widget-heading\" data-id=\"2ea3ee1\" data-element_type=\"widget\" data-widget_type=\"heading.default\">\n\t\t\t\t<div class=\"elementor-widget-container\">\n\t\t\t\t\t<h4 class=\"elementor-heading-title elementor-size-default\">Schulsanit\u00e4tsdienst<\/h4>\t\t\t\t<\/div>\n\t\t\t\t<\/div>\n\t\t\t\t\t<\/div>\n\t\t<\/div>\n\t\t\t\t\t<\/div>\n\t\t<\/section>\n\t\t\t\t<section class=\"elementor-section elementor-top-section elementor-element elementor-element-4fa5ad3 elementor-section-boxed elementor-section-height-default elementor-section-height-default\" data-id=\"4fa5ad3\" data-element_type=\"section\">\n\t\t\t\t\t\t<div class=\"elementor-container elementor-column-gap-default\">\n\t\t\t\t\t<div class=\"elementor-column elementor-col-100 elementor-top-column elementor-element elementor-element-fd66ce6\" data-id=\"fd66ce6\" data-element_type=\"column\">\n\t\t\t<div class=\"elementor-widget-wrap elementor-element-populated\">\n\t\t\t\t\t\t<div class=\"elementor-element elementor-element-d53f8d3 elementor-widget elementor-widget-image\" data-id=\"d53f8d3\" data-element_type=\"widget\" data-widget_type=\"image.default\">\n\t\t\t\t<div class=\"elementor-widget-container\">\n\t\t\t\t\t\t\t\t\t\t\t\t\t\t\t<img fetchpriority=\"high\" decoding=\"async\" width=\"1024\" height=\"685\" src=\"https:\/\/max-planck-rs.adoring-tesla.88-198-121-67.plesk.page\/wp-content\/uploads\/2024\/04\/DSC_0057-1024x685.jpg\" class=\"attachment-large size-large wp-image-25551\" alt=\"\" srcset=\"https:\/\/max-planck-rs.adoring-tesla.88-198-121-67.plesk.page\/wp-content\/uploads\/2024\/04\/DSC_0057-1024x685.jpg 1024w, https:\/\/max-planck-rs.adoring-tesla.88-198-121-67.plesk.page\/wp-content\/uploads\/2024\/04\/DSC_0057-300x201.jpg 300w, https:\/\/max-planck-rs.adoring-tesla.88-198-121-67.plesk.page\/wp-content\/uploads\/2024\/04\/DSC_0057-768x514.jpg 768w, https:\/\/max-planck-rs.adoring-tesla.88-198-121-67.plesk.page\/wp-content\/uploads\/2024\/04\/DSC_0057-1536x1028.jpg 1536w, https:\/\/max-planck-rs.adoring-tesla.88-198-121-67.plesk.page\/wp-content\/uploads\/2024\/04\/DSC_0057-2048x1371.jpg 2048w\" sizes=\"(max-width: 1024px) 100vw, 1024px\" \/>\t\t\t\t\t\t\t\t\t\t\t\t\t\t\t<\/div>\n\t\t\t\t<\/div>\n\t\t\t\t\t<\/div>\n\t\t<\/div>\n\t\t\t\t\t<\/div>\n\t\t<\/section>\n\t\t\t\t<section class=\"elementor-section elementor-top-section elementor-element elementor-element-1dd3489 elementor-section-boxed elementor-section-height-default elementor-section-height-default\" data-id=\"1dd3489\" data-element_type=\"section\">\n\t\t\t\t\t\t<div class=\"elementor-container elementor-column-gap-default\">\n\t\t\t\t\t<div class=\"elementor-column elementor-col-100 elementor-top-column elementor-element elementor-element-c4a7f39\" data-id=\"c4a7f39\" data-element_type=\"column\">\n\t\t\t<div class=\"elementor-widget-wrap elementor-element-populated\">\n\t\t\t\t\t\t<div class=\"elementor-element elementor-element-95f7232 elementor-widget elementor-widget-text-editor\" data-id=\"95f7232\" data-element_type=\"widget\" data-widget_type=\"text-editor.default\">\n\t\t\t\t<div class=\"elementor-widget-container\">\n\t\t\t\t\t\t\t\t\t<p>DoniJedes Jahr ereignen sich mehr als eine Millionen Schulunf\u00e4lle in Deutschland. Leider auch an unserer Schule. Bei knapp 950 Sch\u00fclern kommt es immer wieder zu kleineren und gr\u00f6\u00dferen Verletzungen (Prellungen, Verstauchungen, Schnittwunden bis hin zu B\u00e4nderrissen und Br\u00fcchen).<\/p><p>F\u00fcr diese F\u00e4lle stehen an der Max-Planck-Realschule ca. <strong>35 Schulsanit\u00e4terInnen<\/strong> bereit um schnellstm\u00f6glich Erste-Hilfe zu leisten.<\/p><p>Die Sch\u00fclerInnen werden auf ihren Einsatz fundiert vorbereitet. Sie durchlaufen zu Beginn ihrer Ausbildung einen <strong>Erste-Hilfe-Kurs,<\/strong> dieser wird vom <strong>DRK-M\u00fcllheim<\/strong> durchgef\u00fchrt und findet an zwei Tagen statt. Am Ende dieser Ausbildung erhalten sie eine <strong>Kursbescheinigung<\/strong>, welche zwei Jahre g\u00fcltig ist. Sie kann auch f\u00fcr den F\u00fchrerschein, Ausbildungsleiter, Trainer usw. genutzt werden.<\/p><p>Nach der Ausbildung nehmen die Schulsanit\u00e4terInnen w\u00e4hrend des Schultages ihre Dienste wahr. Sie helfen im Notfall verungl\u00fcckten oder erkrankten Mitsch\u00fclerinnen und Mitsch\u00fclern.<\/p><p>Alle Schulsanit\u00e4terInnen beweisen gro\u00dfes Engagement. Sie \u00fcbernehmen nicht nur die Verantwortung f\u00fcr ihre KlassenkameradInnen, sie m\u00fcssen auch den vers\u00e4umten Unterrichtsstoff (w\u00e4hrend der Ausbildung und der Behandlung) selbst\u00e4ndig und eigenverantwortlich nacharbeiten.<\/p><p>Gelegentlich finden freitagmittags interne Fortbildungen und Treffen statt. \u00dcber das DRK-M\u00fcllheim k\u00f6nnen an Wochenenden Fortbildungen und andere Veranstaltungen besucht werden.<\/p><p>Unterst\u00fctzt werden die Sch\u00fclerinnen und Sch\u00fcler von der Lehrkraft<strong> Dominik Naccarella.<\/strong><\/p><p>Wer Schulsanit\u00e4terInnen werden m\u00f6chte muss <strong>die siebte Klasse <\/strong>der Max-Planck-Realschule besuchen und an der Ausbildung teilnehmen. Die schulischen Leistungen m\u00fcssen f\u00fcr den aktiven Dienst so gut sein, dass ein Unterrichtsausfall nicht bedeutend f\u00fcr die Versetzung ist.<\/p>\t\t\t\t\t\t\t\t<\/div>\n\t\t\t\t<\/div>\n\t\t\t\t\t<\/div>\n\t\t<\/div>\n\t\t\t\t\t<\/div>\n\t\t<\/section>\n\t\t\t\t<\/div>\n\t\t","protected":false},"excerpt":{"rendered":"<p>Schulsanit\u00e4tsdienst DoniJedes Jahr ereignen sich mehr als eine Millionen Schulunf\u00e4lle in Deutschland. Leider auch an unserer Schule. Bei knapp 950 Sch\u00fclern kommt es immer wieder zu kleineren und gr\u00f6\u00dferen Verletzungen (Prellungen, Verstauchungen, Schnittwunden bis hin zu B\u00e4nderrissen und Br\u00fcchen). F\u00fcr diese F\u00e4lle stehen an der Max-Planck-Realschule ca. 35 Schulsanit\u00e4terInnen bereit um schnellstm\u00f6glich Erste-Hilfe zu leisten. [&hellip;]<\/p>\n","protected":false},"author":3,"featured_media":0,"parent":0,"menu_order":0,"comment_status":"closed","ping_status":"closed","template":"","meta":{"site-sidebar-layout":"no-sidebar","site-content-layout":"page-builder","ast-site-content-layout":"full-width-container","site-content-style":"default","site-sidebar-style":"default","ast-global-header-display":"","ast-banner-title-visibility":"","ast-main-header-display":"","ast-hfb-above-header-display":"","ast-hfb-below-header-display":"","ast-hfb-mobile-header-display":"","site-post-title":"disabled","ast-breadcrumbs-content":"","ast-featured-img":"disabled","footer-sml-layout":"","theme-transparent-header-meta":"","adv-header-id-meta":"","stick-header-meta":"","header-above-stick-meta":"","header-main-stick-meta":"","header-below-stick-meta":"","astra-migrate-meta-layouts":"set","ast-page-background-enabled":"default","ast-page-background-meta":{"desktop":{"background-color":"var(--ast-global-color-4)","background-image":"","background-repeat":"repeat","background-position":"center center","background-size":"auto","background-attachment":"scroll","background-type":"","background-media":"","overlay-type":"","overlay-color":"","overlay-opacity":"","overlay-gradient":""},"tablet":{"background-color":"","background-image":"","background-repeat":"repeat","background-position":"center center","background-size":"auto","background-attachment":"scroll","background-type":"","background-media":"","overlay-type":"","overlay-color":"","overlay-opacity":"","overlay-gradient":""},"mobile":{"background-color":"","background-image":"","background-repeat":"repeat","background-position":"center center","background-size":"auto","background-attachment":"scroll","background-type":"","background-media":"","overlay-type":"","overlay-color":"","overlay-opacity":"","overlay-gradient":""}},"ast-content-background-meta":{"desktop":{"background-color":"var(--ast-global-color-5)","background-image":"","background-repeat":"repeat","background-position":"center center","background-size":"auto","background-attachment":"scroll","background-type":"","background-media":"","overlay-type":"","overlay-color":"","overlay-opacity":"","overlay-gradient":""},"tablet":{"background-color":"var(--ast-global-color-5)","background-image":"","background-repeat":"repeat","background-position":"center center","background-size":"auto","background-attachment":"scroll","background-type":"","background-media":"","overlay-type":"","overlay-color":"","overlay-opacity":"","overlay-gradient":""},"mobile":{"background-color":"var(--ast-global-color-5)","background-image":"","background-repeat":"repeat","background-position":"center center","background-size":"auto","background-attachment":"scroll","background-type":"","background-media":"","overlay-type":"","overlay-color":"","overlay-opacity":"","overlay-gradient":""}},"footnotes":""},"class_list":["post-25592","page","type-page","status-publish","hentry"],"_links":{"self":[{"href":"https:\/\/max-planck-rs.adoring-tesla.88-198-121-67.plesk.page\/index.php?rest_route=\/wp\/v2\/pages\/25592","targetHints":{"allow":["GET"]}}],"collection":[{"href":"https:\/\/max-planck-rs.adoring-tesla.88-198-121-67.plesk.page\/index.php?rest_route=\/wp\/v2\/pages"}],"about":[{"href":"https:\/\/max-planck-rs.adoring-tesla.88-198-121-67.plesk.page\/index.php?rest_route=\/wp\/v2\/types\/page"}],"author":[{"embeddable":true,"href":"https:\/\/max-planck-rs.adoring-tesla.88-198-121-67.plesk.page\/index.php?rest_route=\/wp\/v2\/users\/3"}],"replies":[{"embeddable":true,"href":"https:\/\/max-planck-rs.adoring-tesla.88-198-121-67.plesk.page\/index.php?rest_route=%2Fwp%2Fv2%2Fcomments&post=25592"}],"version-history":[{"count":17,"href":"https:\/\/max-planck-rs.adoring-tesla.88-198-121-67.plesk.page\/index.php?rest_route=\/wp\/v2\/pages\/25592\/revisions"}],"predecessor-version":[{"id":26948,"href":"https:\/\/max-planck-rs.adoring-tesla.88-198-121-67.plesk.page\/index.php?rest_route=\/wp\/v2\/pages\/25592\/revisions\/26948"}],"wp:attachment":[{"href":"https:\/\/max-planck-rs.adoring-tesla.88-198-121-67.plesk.page\/index.php?rest_route=%2Fwp%2Fv2%2Fmedia&parent=25592"}],"curies":[{"name":"wp","href":"https:\/\/api.w.org\/{rel}","templated":true}]}}