{"id":25605,"date":"2024-04-15T16:25:31","date_gmt":"2024-04-15T16:25:31","guid":{"rendered":"https:\/\/max-planck-rs.adoring-tesla.88-198-121-67.plesk.page\/?page_id=25605"},"modified":"2024-04-15T16:31:35","modified_gmt":"2024-04-15T16:31:35","slug":"sanitaetsdienst-schnelle-hilfe","status":"publish","type":"page","link":"https:\/\/max-planck-rs.adoring-tesla.88-198-121-67.plesk.page\/?page_id=25605","title":{"rendered":"Sanit\u00e4tsdienst-schnelle Hilfe"},"content":{"rendered":"\t\t<div data-elementor-type=\"wp-page\" data-elementor-id=\"25605\" class=\"elementor elementor-25605\">\n\t\t\t\t\t\t<section class=\"elementor-section elementor-top-section elementor-element elementor-element-9b20f76 elementor-section-boxed elementor-section-height-default elementor-section-height-default\" data-id=\"9b20f76\" data-element_type=\"section\">\n\t\t\t\t\t\t<div class=\"elementor-container elementor-column-gap-default\">\n\t\t\t\t\t<div class=\"elementor-column elementor-col-100 elementor-top-column elementor-element elementor-element-eb4aa6b\" data-id=\"eb4aa6b\" data-element_type=\"column\">\n\t\t\t<div class=\"elementor-widget-wrap elementor-element-populated\">\n\t\t\t\t\t\t<div class=\"elementor-element elementor-element-df60411 elementor-widget elementor-widget-text-editor\" data-id=\"df60411\" data-element_type=\"widget\" data-widget_type=\"text-editor.default\">\n\t\t\t\t<div class=\"elementor-widget-container\">\n\t\t\t\t\t\t\t\t\t<h1><span style=\"color: #0000ff;\">Sanit\u00e4tsdienst-Schnelle Hilfe<\/span><\/h1>\t\t\t\t\t\t\t\t<\/div>\n\t\t\t\t<\/div>\n\t\t\t\t<div class=\"elementor-element elementor-element-0209de9 elementor-widget elementor-widget-image\" data-id=\"0209de9\" data-element_type=\"widget\" data-widget_type=\"image.default\">\n\t\t\t\t<div class=\"elementor-widget-container\">\n\t\t\t\t\t\t\t\t\t\t\t\t\t\t\t<img fetchpriority=\"high\" decoding=\"async\" width=\"855\" height=\"845\" src=\"https:\/\/max-planck-rs.adoring-tesla.88-198-121-67.plesk.page\/wp-content\/uploads\/2024\/04\/Sanitaetsdienst-Schnelle-Hilfe-Bildersammlung.jpg\" class=\"attachment-large size-large wp-image-25616\" alt=\"\" srcset=\"https:\/\/max-planck-rs.adoring-tesla.88-198-121-67.plesk.page\/wp-content\/uploads\/2024\/04\/Sanitaetsdienst-Schnelle-Hilfe-Bildersammlung.jpg 855w, https:\/\/max-planck-rs.adoring-tesla.88-198-121-67.plesk.page\/wp-content\/uploads\/2024\/04\/Sanitaetsdienst-Schnelle-Hilfe-Bildersammlung-300x296.jpg 300w, https:\/\/max-planck-rs.adoring-tesla.88-198-121-67.plesk.page\/wp-content\/uploads\/2024\/04\/Sanitaetsdienst-Schnelle-Hilfe-Bildersammlung-768x759.jpg 768w\" sizes=\"(max-width: 855px) 100vw, 855px\" \/>\t\t\t\t\t\t\t\t\t\t\t\t\t\t\t<\/div>\n\t\t\t\t<\/div>\n\t\t\t\t\t<\/div>\n\t\t<\/div>\n\t\t\t\t\t<\/div>\n\t\t<\/section>\n\t\t\t\t<section class=\"elementor-section elementor-top-section elementor-element elementor-element-354bf50 elementor-section-boxed elementor-section-height-default elementor-section-height-default\" data-id=\"354bf50\" data-element_type=\"section\">\n\t\t\t\t\t\t<div class=\"elementor-container elementor-column-gap-default\">\n\t\t\t\t\t<div class=\"elementor-column elementor-col-100 elementor-top-column elementor-element elementor-element-05082c5\" data-id=\"05082c5\" data-element_type=\"column\">\n\t\t\t<div class=\"elementor-widget-wrap elementor-element-populated\">\n\t\t\t\t\t\t<div class=\"elementor-element elementor-element-617b316 elementor-widget elementor-widget-text-editor\" data-id=\"617b316\" data-element_type=\"widget\" data-widget_type=\"text-editor.default\">\n\t\t\t\t<div class=\"elementor-widget-container\">\n\t\t\t\t\t\t\t\t\t<div><strong>\u201eHilfeeeee!\u201c<\/strong> gellte es laut und durchdringend durch die Schule! Und gleich st\u00fcrmte\u00a0ein ganzes, hochmotiviertes Team von jungen Schulsanit\u00e4tern zu Hilfe an den Unfallort. Zum Gl\u00fcck ist nicht wirklich etwas Schlimmes passiert sondern es handelt sich um den zweiten Teil der Ausbildung der <strong>21 neuen Schulsanit\u00e4ter\/innen unserer Schule<\/strong> in Form eines \u00dcbungsabends (30. 11. 2018 um 16:00 \u2013 21:30 Uhr) zusammen mit den \u201ealten Hasen\u201c und <strong>Frau Grimm-Geserer<\/strong> und <strong>Herrn Schlegel.<\/strong> <strong>Frau Daniela Kirschner<\/strong> und <strong>Frau Julia<\/strong> <strong>Hochstichler<\/strong>\u00a0vom DRK M\u00fcllheim leiteten sehr engagiert diese Fortbildung und brachten 7 Sch\u00fcler und Sch\u00fclerinnen der Realschule Neuenburg mit, die sich echt krass realistisch mit viel Kunststoffpaste, Farben und Theaterblut so schminkten, dass die Schulsanit\u00e4ter zum Teil fast geschockt, aber auf jeden Fall sehr aufgeregt waren. Trotzdem meisterten sie diese \u00fcberraschenden Situationen sehr gut.<\/div><div>Die gespielten Notf\u00e4lle umfassten eine Verletzung der inneren Organe im Bauchbereich mit Bluten aus dem Mund, eine stark blutende\u00a0suizidale Verletzung mit einer Schere, eine Verbr\u00fchung und Verbrennung des Oberarmes, eine Daumenamputation in der Schulk\u00fcche, im Schock durchdrehende Beteiligte, einen offenen Bruch am Schienbein auf der Schultreppe, zuckende Krampfanf\u00e4lle sowie einen Herzinfarkt eines \u201eLehrers\u201c. Hier kam zu aller \u00dcberraschung nach der Ersthilfe unseres Teams sogar der <strong>echte Krankenwagen <\/strong>mit\u00a0<strong><em>einem Notfallsanit\u00e4ter und einem Rettungssanit\u00e4ter<\/em><\/strong>. Diese legten vor Ort ein EKG an und erkl\u00e4rten alles, was in so einem Fall vor sich geht und alle Fragen der Teilnehmer.<\/div><div>\u00a0<\/div><div>Zum Abschluss gab es noch ein wohlverdientes gemeinsames Abendessen mit belegten Br\u00f6tchen, Gurken, Clementinen, Mohrenk\u00f6pfen und Schoko-Lebkuchen, was alles begeistert aufgenommen wurde.<\/div>\t\t\t\t\t\t\t\t<\/div>\n\t\t\t\t<\/div>\n\t\t\t\t\t<\/div>\n\t\t<\/div>\n\t\t\t\t\t<\/div>\n\t\t<\/section>\n\t\t\t\t<\/div>\n\t\t","protected":false},"excerpt":{"rendered":"<p>Sanit\u00e4tsdienst-Schnelle Hilfe \u201eHilfeeeee!\u201c gellte es laut und durchdringend durch die Schule! Und gleich st\u00fcrmte\u00a0ein ganzes, hochmotiviertes Team von jungen Schulsanit\u00e4tern zu Hilfe an den Unfallort. Zum Gl\u00fcck ist nicht wirklich etwas Schlimmes passiert sondern es handelt sich um den zweiten Teil der Ausbildung der 21 neuen Schulsanit\u00e4ter\/innen unserer Schule in Form eines \u00dcbungsabends (30. 11. [&hellip;]<\/p>\n","protected":false},"author":3,"featured_media":0,"parent":0,"menu_order":0,"comment_status":"closed","ping_status":"closed","template":"","meta":{"site-sidebar-layout":"no-sidebar","site-content-layout":"page-builder","ast-site-content-layout":"full-width-container","site-content-style":"default","site-sidebar-style":"default","ast-global-header-display":"","ast-banner-title-visibility":"","ast-main-header-display":"","ast-hfb-above-header-display":"","ast-hfb-below-header-display":"","ast-hfb-mobile-header-display":"","site-post-title":"disabled","ast-breadcrumbs-content":"","ast-featured-img":"disabled","footer-sml-layout":"","theme-transparent-header-meta":"","adv-header-id-meta":"","stick-header-meta":"","header-above-stick-meta":"","header-main-stick-meta":"","header-below-stick-meta":"","astra-migrate-meta-layouts":"set","ast-page-background-enabled":"default","ast-page-background-meta":{"desktop":{"background-color":"var(--ast-global-color-4)","background-image":"","background-repeat":"repeat","background-position":"center center","background-size":"auto","background-attachment":"scroll","background-type":"","background-media":"","overlay-type":"","overlay-color":"","overlay-opacity":"","overlay-gradient":""},"tablet":{"background-color":"","background-image":"","background-repeat":"repeat","background-position":"center center","background-size":"auto","background-attachment":"scroll","background-type":"","background-media":"","overlay-type":"","overlay-color":"","overlay-opacity":"","overlay-gradient":""},"mobile":{"background-color":"","background-image":"","background-repeat":"repeat","background-position":"center center","background-size":"auto","background-attachment":"scroll","background-type":"","background-media":"","overlay-type":"","overlay-color":"","overlay-opacity":"","overlay-gradient":""}},"ast-content-background-meta":{"desktop":{"background-color":"var(--ast-global-color-5)","background-image":"","background-repeat":"repeat","background-position":"center center","background-size":"auto","background-attachment":"scroll","background-type":"","background-media":"","overlay-type":"","overlay-color":"","overlay-opacity":"","overlay-gradient":""},"tablet":{"background-color":"var(--ast-global-color-5)","background-image":"","background-repeat":"repeat","background-position":"center center","background-size":"auto","background-attachment":"scroll","background-type":"","background-media":"","overlay-type":"","overlay-color":"","overlay-opacity":"","overlay-gradient":""},"mobile":{"background-color":"var(--ast-global-color-5)","background-image":"","background-repeat":"repeat","background-position":"center center","background-size":"auto","background-attachment":"scroll","background-type":"","background-media":"","overlay-type":"","overlay-color":"","overlay-opacity":"","overlay-gradient":""}},"footnotes":""},"class_list":["post-25605","page","type-page","status-publish","hentry"],"_links":{"self":[{"href":"https:\/\/max-planck-rs.adoring-tesla.88-198-121-67.plesk.page\/index.php?rest_route=\/wp\/v2\/pages\/25605","targetHints":{"allow":["GET"]}}],"collection":[{"href":"https:\/\/max-planck-rs.adoring-tesla.88-198-121-67.plesk.page\/index.php?rest_route=\/wp\/v2\/pages"}],"about":[{"href":"https:\/\/max-planck-rs.adoring-tesla.88-198-121-67.plesk.page\/index.php?rest_route=\/wp\/v2\/types\/page"}],"author":[{"embeddable":true,"href":"https:\/\/max-planck-rs.adoring-tesla.88-198-121-67.plesk.page\/index.php?rest_route=\/wp\/v2\/users\/3"}],"replies":[{"embeddable":true,"href":"https:\/\/max-planck-rs.adoring-tesla.88-198-121-67.plesk.page\/index.php?rest_route=%2Fwp%2Fv2%2Fcomments&post=25605"}],"version-history":[{"count":13,"href":"https:\/\/max-planck-rs.adoring-tesla.88-198-121-67.plesk.page\/index.php?rest_route=\/wp\/v2\/pages\/25605\/revisions"}],"predecessor-version":[{"id":25619,"href":"https:\/\/max-planck-rs.adoring-tesla.88-198-121-67.plesk.page\/index.php?rest_route=\/wp\/v2\/pages\/25605\/revisions\/25619"}],"wp:attachment":[{"href":"https:\/\/max-planck-rs.adoring-tesla.88-198-121-67.plesk.page\/index.php?rest_route=%2Fwp%2Fv2%2Fmedia&parent=25605"}],"curies":[{"name":"wp","href":"https:\/\/api.w.org\/{rel}","templated":true}]}}