{"id":25654,"date":"2024-04-21T14:00:09","date_gmt":"2024-04-21T14:00:09","guid":{"rendered":"https:\/\/max-planck-rs.adoring-tesla.88-198-121-67.plesk.page\/?page_id=25654"},"modified":"2024-04-21T14:46:43","modified_gmt":"2024-04-21T14:46:43","slug":"elementor-25654","status":"publish","type":"page","link":"https:\/\/max-planck-rs.adoring-tesla.88-198-121-67.plesk.page\/?page_id=25654","title":{"rendered":"Schulsozialarbeit"},"content":{"rendered":"\t\t<div data-elementor-type=\"wp-page\" data-elementor-id=\"25654\" class=\"elementor elementor-25654\">\n\t\t\t\t\t\t<section class=\"elementor-section elementor-top-section elementor-element elementor-element-6ae6269 elementor-section-boxed elementor-section-height-default elementor-section-height-default\" data-id=\"6ae6269\" data-element_type=\"section\">\n\t\t\t\t\t\t<div class=\"elementor-container elementor-column-gap-default\">\n\t\t\t\t\t<div class=\"elementor-column elementor-col-100 elementor-top-column elementor-element elementor-element-cf9a932\" data-id=\"cf9a932\" data-element_type=\"column\">\n\t\t\t<div class=\"elementor-widget-wrap elementor-element-populated\">\n\t\t\t\t\t\t<div class=\"elementor-element elementor-element-af70f62 elementor-widget elementor-widget-heading\" data-id=\"af70f62\" data-element_type=\"widget\" data-widget_type=\"heading.default\">\n\t\t\t\t<div class=\"elementor-widget-container\">\n\t\t\t\t\t<h2 class=\"elementor-heading-title elementor-size-default\">Schulsozialarbeit und Beratung<\/h2>\t\t\t\t<\/div>\n\t\t\t\t<\/div>\n\t\t\t\t<div class=\"elementor-element elementor-element-e1c12fc elementor-widget elementor-widget-spacer\" data-id=\"e1c12fc\" data-element_type=\"widget\" data-widget_type=\"spacer.default\">\n\t\t\t\t<div class=\"elementor-widget-container\">\n\t\t\t\t\t\t\t<div class=\"elementor-spacer\">\n\t\t\t<div class=\"elementor-spacer-inner\"><\/div>\n\t\t<\/div>\n\t\t\t\t\t\t<\/div>\n\t\t\t\t<\/div>\n\t\t\t\t<div class=\"elementor-element elementor-element-a472393 elementor-position-left elementor-vertical-align-top elementor-widget elementor-widget-image-box\" data-id=\"a472393\" data-element_type=\"widget\" data-widget_type=\"image-box.default\">\n\t\t\t\t<div class=\"elementor-widget-container\">\n\t\t\t\t\t<div class=\"elementor-image-box-wrapper\"><figure class=\"elementor-image-box-img\"><img fetchpriority=\"high\" decoding=\"async\" width=\"750\" height=\"750\" src=\"https:\/\/max-planck-rs.adoring-tesla.88-198-121-67.plesk.page\/wp-content\/uploads\/2024\/04\/Bild_nadine_eisenhardt-1.png\" class=\"attachment-full size-full wp-image-25656\" alt=\"\" srcset=\"https:\/\/max-planck-rs.adoring-tesla.88-198-121-67.plesk.page\/wp-content\/uploads\/2024\/04\/Bild_nadine_eisenhardt-1.png 750w, https:\/\/max-planck-rs.adoring-tesla.88-198-121-67.plesk.page\/wp-content\/uploads\/2024\/04\/Bild_nadine_eisenhardt-1-300x300.png 300w, https:\/\/max-planck-rs.adoring-tesla.88-198-121-67.plesk.page\/wp-content\/uploads\/2024\/04\/Bild_nadine_eisenhardt-1-150x150.png 150w\" sizes=\"(max-width: 750px) 100vw, 750px\" \/><\/figure><div class=\"elementor-image-box-content\"><h3 class=\"elementor-image-box-title\">Nadine Eisenhardt<\/h3><p class=\"elementor-image-box-description\"><p>Realschule<\/p><p><strong>Kernzeiten:<\/strong><br>Montag: zwischen ca. 11.00 und 14.00 Uhr<br>Dienstag, Mittwoch, Freitag<br>zwischen ca. 8.00 und 14.00 Uhr<\/p><p>Mobil: +49 (0) 173\/ 4207644<\/p><p><a href=\"mailto:nadine.eisenhardt@bad-krozingen.de\"><strong>nadine.eisenhardt@bad-krozingen.de<\/strong><\/a><\/p><\/p><\/div><\/div>\t\t\t\t<\/div>\n\t\t\t\t<\/div>\n\t\t\t\t\t<\/div>\n\t\t<\/div>\n\t\t\t\t\t<\/div>\n\t\t<\/section>\n\t\t\t\t<section class=\"elementor-section elementor-top-section elementor-element elementor-element-47bc722 elementor-section-boxed elementor-section-height-default elementor-section-height-default\" data-id=\"47bc722\" data-element_type=\"section\">\n\t\t\t\t\t\t<div class=\"elementor-container elementor-column-gap-default\">\n\t\t\t\t\t<div class=\"elementor-column elementor-col-100 elementor-top-column elementor-element elementor-element-21bd795\" data-id=\"21bd795\" data-element_type=\"column\">\n\t\t\t<div class=\"elementor-widget-wrap elementor-element-populated\">\n\t\t\t\t\t\t<div class=\"elementor-element elementor-element-73bce26 elementor-position-left elementor-vertical-align-top elementor-widget elementor-widget-image-box\" data-id=\"73bce26\" data-element_type=\"widget\" data-widget_type=\"image-box.default\">\n\t\t\t\t<div class=\"elementor-widget-container\">\n\t\t\t\t\t<div class=\"elementor-image-box-wrapper\"><figure class=\"elementor-image-box-img\"><img decoding=\"async\" width=\"514\" height=\"424\" src=\"https:\/\/max-planck-rs.adoring-tesla.88-198-121-67.plesk.page\/wp-content\/uploads\/2024\/04\/Anke_Nuernberger.jpg\" class=\"attachment-full size-full wp-image-25660\" alt=\"\" srcset=\"https:\/\/max-planck-rs.adoring-tesla.88-198-121-67.plesk.page\/wp-content\/uploads\/2024\/04\/Anke_Nuernberger.jpg 514w, https:\/\/max-planck-rs.adoring-tesla.88-198-121-67.plesk.page\/wp-content\/uploads\/2024\/04\/Anke_Nuernberger-300x247.jpg 300w\" sizes=\"(max-width: 514px) 100vw, 514px\" \/><\/figure><div class=\"elementor-image-box-content\"><h3 class=\"elementor-image-box-title\">Anke N\u00fcrnberger<\/h3><p class=\"elementor-image-box-description\"><p><strong>Realschule<\/strong><\/p><p><strong>Kernzeiten:<\/strong><br>Montag - Freitag:  zwischen ca. 8.00 und 14.30 Uhr<\/p><p>Mobil: +49 (0) 173\/ 3193610<\/p><p><a href=\"mailto:anke.nuernberger@bad-krozingen.de\">anke.nuernberger@bad-krozingen.de<\/a><\/p><\/p><\/div><\/div>\t\t\t\t<\/div>\n\t\t\t\t<\/div>\n\t\t\t\t\t<\/div>\n\t\t<\/div>\n\t\t\t\t\t<\/div>\n\t\t<\/section>\n\t\t\t\t<section class=\"elementor-section elementor-top-section elementor-element elementor-element-7a71b53 elementor-section-boxed elementor-section-height-default elementor-section-height-default\" data-id=\"7a71b53\" data-element_type=\"section\">\n\t\t\t\t\t\t<div class=\"elementor-container elementor-column-gap-default\">\n\t\t\t\t\t<div class=\"elementor-column elementor-col-100 elementor-top-column elementor-element elementor-element-3d79f36\" data-id=\"3d79f36\" data-element_type=\"column\">\n\t\t\t<div class=\"elementor-widget-wrap elementor-element-populated\">\n\t\t\t\t\t\t<div class=\"elementor-element elementor-element-f550d0f elementor-position-left elementor-vertical-align-top elementor-widget elementor-widget-image-box\" data-id=\"f550d0f\" data-element_type=\"widget\" data-widget_type=\"image-box.default\">\n\t\t\t\t<div class=\"elementor-widget-container\">\n\t\t\t\t\t<div class=\"elementor-image-box-wrapper\"><figure class=\"elementor-image-box-img\"><img decoding=\"async\" width=\"750\" height=\"750\" src=\"https:\/\/max-planck-rs.adoring-tesla.88-198-121-67.plesk.page\/wp-content\/uploads\/2024\/04\/Bild_Matthias_Spindler-1.png\" class=\"attachment-full size-full wp-image-25691\" alt=\"\" srcset=\"https:\/\/max-planck-rs.adoring-tesla.88-198-121-67.plesk.page\/wp-content\/uploads\/2024\/04\/Bild_Matthias_Spindler-1.png 750w, https:\/\/max-planck-rs.adoring-tesla.88-198-121-67.plesk.page\/wp-content\/uploads\/2024\/04\/Bild_Matthias_Spindler-1-300x300.png 300w, https:\/\/max-planck-rs.adoring-tesla.88-198-121-67.plesk.page\/wp-content\/uploads\/2024\/04\/Bild_Matthias_Spindler-1-150x150.png 150w\" sizes=\"(max-width: 750px) 100vw, 750px\" \/><\/figure><div class=\"elementor-image-box-content\"><h3 class=\"elementor-image-box-title\">Matthias Spindler<\/h3><p class=\"elementor-image-box-description\"><p>Realschule<\/p><p><strong>Kernzeiten<\/strong>:<\/p><p>Mittwoch: zwischen ca. 11.00 und 14.30 Uhr<br>Donnerstag: zwischen ca. 8.30 und 13.30 Uhr<\/p><p><\/p><p><\/p><p><\/p><p>Mobil: +49 (0) 162\/ 6237086<\/p><p><a href=\"mailto:matthias.spindler@bad-krozingen.de\"><strong>matthias.spindler@bad-krozingen.de<\/strong><\/a><\/p><\/p><\/div><\/div>\t\t\t\t<\/div>\n\t\t\t\t<\/div>\n\t\t\t\t\t<\/div>\n\t\t<\/div>\n\t\t\t\t\t<\/div>\n\t\t<\/section>\n\t\t\t\t<section class=\"elementor-section elementor-top-section elementor-element elementor-element-697d170 elementor-section-boxed elementor-section-height-default elementor-section-height-default\" data-id=\"697d170\" data-element_type=\"section\">\n\t\t\t\t\t\t<div class=\"elementor-container elementor-column-gap-default\">\n\t\t\t\t\t<div class=\"elementor-column elementor-col-100 elementor-top-column elementor-element elementor-element-8010ecf\" data-id=\"8010ecf\" data-element_type=\"column\">\n\t\t\t<div class=\"elementor-widget-wrap elementor-element-populated\">\n\t\t\t\t\t\t<div class=\"elementor-element elementor-element-94343d1 elementor-widget elementor-widget-text-editor\" data-id=\"94343d1\" data-element_type=\"widget\" data-widget_type=\"text-editor.default\">\n\t\t\t\t<div class=\"elementor-widget-container\">\n\t\t\t\t\t\t\t\t\t<p><\/p><p><strong>Zu den Angeboten z\u00e4hlen:<\/strong><\/p><p> <\/p><ul class=\"wp-block-list\"><li><strong>Einzelfallhilfe und Beratung<\/strong><\/li><\/ul><p> <\/p><p>Die Schulsozialarbeit ber\u00e4t Sch\u00fcler*innen, Eltern und Lehrkr\u00e4fte, die in Konflikt- und Problemsituationen sozialp\u00e4dagogische Hilfe und Unterst\u00fctzung suchen. Die Gespr\u00e4che unterliegen der Freiwilligkeit. Die Gespr\u00e4chsinhalte werden vertraulich behandelt und sind kostenlos.<\/p><p> <\/p><p><strong>Der Kontaktaufnahme:<\/strong> von Sch\u00fcler*innen, durch Eltern, durch Lehrkr\u00e4fte, durch Mitarbeitende im Hort oder durch die Schulleitung.<\/p><p> <\/p><p><strong>Terminvereinbarung: <\/strong>pers\u00f6nlich in der Schule, telefonisch, schriftlich per Mail oder \u00fcber das Sekretariat der Schule<\/p><p> <\/p><p>Die Gespr\u00e4che finden in der Regel im B\u00fcro der Schulsozialarbeit in der Schule statt. Jedoch auch au\u00dferhalb der Schule sind Treffen m\u00f6glich.<\/p><p> <\/p><ul class=\"wp-block-list\"><li><strong>Unterst\u00fctzung bei Konflikten und in Krisensituationen<\/strong><\/li><\/ul><p> <\/p><p>Die Schulsoziarbeiter*innen f\u00fchren bei Streit und Konflikten mit den Sch\u00fclern*innen Konfliktregelungsgespr\u00e4che und unterst\u00fctzen sie darin, L\u00f6sungen zu finden bzw. Kompromisse einzugehen. Zudem ist den Schulsozialarbeiter*innen wichtig, dass die Sch\u00fcler*innen lernen eigenst\u00e4ndig Konflikte konstruktiv und friedvoll zu l\u00f6sen.<\/p><p> <\/p><ul class=\"wp-block-list\"><li><strong>Gruppenarbeit und Projekte<\/strong><\/li><\/ul><p> <\/p><p>Die Schulsozialarbeiter*innen f\u00fchren, gemeinsam mit der Klassenlehrkraft, jedes Jahr Sozialtrainings und Pr\u00e4ventionsveranstaltungen mit Klassen durch.<\/p><p> <\/p><p>Bei Bedarf werden auch Workshops zu den Themen Klassenst\u00e4rkung, Klassenrat und Konfliktregelung angeboten und durchgef\u00fchrt.<\/p><p> <\/p><ul class=\"wp-block-list\"><li><strong>Freizeitp\u00e4dagogische Angebote<\/strong><\/li><\/ul><p> <\/p><p>Die Schulsoziarbeit ist vernetzt mit den ans\u00e4ssigen Vereinen und dient als Br\u00fccke zur Jugendarbeit der Stadt.<\/p><p> <\/p><ul class=\"wp-block-list\"><li><strong>Mitarbeit an der Schulentwicklung<\/strong><\/li><\/ul><p> <\/p><p>Die Schulsozialarbeiter*innen sind an der Schulentwicklung beteilig. Bei der Entwicklung und Umsetzung des Sozialcurriculums wirken sie mit.<\/p><p> <\/p><ul class=\"wp-block-list\"><li><strong>Vernetzung<\/strong><\/li><\/ul><p> <\/p><p>Die Schulsozialarbeit ist mit Einrichtungen der Jugendhilfe, der \u00f6rtlichen Offenen Jugendarbeit, Beratungsstellen, \u00c4mtern und Beh\u00f6rden, etc. vernetzt und vermitteln an die unterschiedlichen Fachdienste.<\/p><p> <\/p><p class=\"has-text-align-center\"><em>Stadt Bad Krozingen<\/em><\/p><p> <\/p><p class=\"has-text-align-center\"><em>Dezernat I Bildung, Soziales, Mitarbeiterservice und Digitalisierung<\/em><\/p><p> <\/p><p class=\"has-text-align-center\"><em>Fachbereich Kindertagesst\u00e4tten und Schulen<\/em><\/p><p><\/p>\t\t\t\t\t\t\t\t<\/div>\n\t\t\t\t<\/div>\n\t\t\t\t\t<\/div>\n\t\t<\/div>\n\t\t\t\t\t<\/div>\n\t\t<\/section>\n\t\t\t\t<\/div>\n\t\t","protected":false},"excerpt":{"rendered":"<p>Schulsozialarbeit und Beratung Nadine Eisenhardt Realschule Kernzeiten:Montag: zwischen ca. 11.00 und 14.00 UhrDienstag, Mittwoch, Freitagzwischen ca. 8.00 und 14.00 Uhr Mobil: +49 (0) 173\/ 4207644 nadine.eisenhardt@bad-krozingen.de Anke N\u00fcrnberger Realschule Kernzeiten:Montag &#8211; Freitag: zwischen ca. 8.00 und 14.30 Uhr Mobil: +49 (0) 173\/ 3193610 anke.nuernberger@bad-krozingen.de Matthias Spindler Realschule Kernzeiten: Mittwoch: zwischen ca. 11.00 und 14.30 UhrDonnerstag: [&hellip;]<\/p>\n","protected":false},"author":3,"featured_media":0,"parent":0,"menu_order":0,"comment_status":"closed","ping_status":"closed","template":"","meta":{"site-sidebar-layout":"no-sidebar","site-content-layout":"page-builder","ast-site-content-layout":"full-width-container","site-content-style":"default","site-sidebar-style":"default","ast-global-header-display":"","ast-banner-title-visibility":"","ast-main-header-display":"","ast-hfb-above-header-display":"","ast-hfb-below-header-display":"","ast-hfb-mobile-header-display":"","site-post-title":"disabled","ast-breadcrumbs-content":"","ast-featured-img":"disabled","footer-sml-layout":"","theme-transparent-header-meta":"","adv-header-id-meta":"","stick-header-meta":"","header-above-stick-meta":"","header-main-stick-meta":"","header-below-stick-meta":"","astra-migrate-meta-layouts":"set","ast-page-background-enabled":"default","ast-page-background-meta":{"desktop":{"background-color":"var(--ast-global-color-4)","background-image":"","background-repeat":"repeat","background-position":"center center","background-size":"auto","background-attachment":"scroll","background-type":"","background-media":"","overlay-type":"","overlay-color":"","overlay-opacity":"","overlay-gradient":""},"tablet":{"background-color":"","background-image":"","background-repeat":"repeat","background-position":"center center","background-size":"auto","background-attachment":"scroll","background-type":"","background-media":"","overlay-type":"","overlay-color":"","overlay-opacity":"","overlay-gradient":""},"mobile":{"background-color":"","background-image":"","background-repeat":"repeat","background-position":"center center","background-size":"auto","background-attachment":"scroll","background-type":"","background-media":"","overlay-type":"","overlay-color":"","overlay-opacity":"","overlay-gradient":""}},"ast-content-background-meta":{"desktop":{"background-color":"var(--ast-global-color-5)","background-image":"","background-repeat":"repeat","background-position":"center center","background-size":"auto","background-attachment":"scroll","background-type":"","background-media":"","overlay-type":"","overlay-color":"","overlay-opacity":"","overlay-gradient":""},"tablet":{"background-color":"var(--ast-global-color-5)","background-image":"","background-repeat":"repeat","background-position":"center center","background-size":"auto","background-attachment":"scroll","background-type":"","background-media":"","overlay-type":"","overlay-color":"","overlay-opacity":"","overlay-gradient":""},"mobile":{"background-color":"var(--ast-global-color-5)","background-image":"","background-repeat":"repeat","background-position":"center center","background-size":"auto","background-attachment":"scroll","background-type":"","background-media":"","overlay-type":"","overlay-color":"","overlay-opacity":"","overlay-gradient":""}},"footnotes":""},"class_list":["post-25654","page","type-page","status-publish","hentry"],"_links":{"self":[{"href":"https:\/\/max-planck-rs.adoring-tesla.88-198-121-67.plesk.page\/index.php?rest_route=\/wp\/v2\/pages\/25654","targetHints":{"allow":["GET"]}}],"collection":[{"href":"https:\/\/max-planck-rs.adoring-tesla.88-198-121-67.plesk.page\/index.php?rest_route=\/wp\/v2\/pages"}],"about":[{"href":"https:\/\/max-planck-rs.adoring-tesla.88-198-121-67.plesk.page\/index.php?rest_route=\/wp\/v2\/types\/page"}],"author":[{"embeddable":true,"href":"https:\/\/max-planck-rs.adoring-tesla.88-198-121-67.plesk.page\/index.php?rest_route=\/wp\/v2\/users\/3"}],"replies":[{"embeddable":true,"href":"https:\/\/max-planck-rs.adoring-tesla.88-198-121-67.plesk.page\/index.php?rest_route=%2Fwp%2Fv2%2Fcomments&post=25654"}],"version-history":[{"count":44,"href":"https:\/\/max-planck-rs.adoring-tesla.88-198-121-67.plesk.page\/index.php?rest_route=\/wp\/v2\/pages\/25654\/revisions"}],"predecessor-version":[{"id":25705,"href":"https:\/\/max-planck-rs.adoring-tesla.88-198-121-67.plesk.page\/index.php?rest_route=\/wp\/v2\/pages\/25654\/revisions\/25705"}],"wp:attachment":[{"href":"https:\/\/max-planck-rs.adoring-tesla.88-198-121-67.plesk.page\/index.php?rest_route=%2Fwp%2Fv2%2Fmedia&parent=25654"}],"curies":[{"name":"wp","href":"https:\/\/api.w.org\/{rel}","templated":true}]}}