{"id":25722,"date":"2024-04-21T15:08:07","date_gmt":"2024-04-21T15:08:07","guid":{"rendered":"https:\/\/max-planck-rs.adoring-tesla.88-198-121-67.plesk.page\/?page_id=25722"},"modified":"2024-04-21T15:10:56","modified_gmt":"2024-04-21T15:10:56","slug":"berufs-und-schullaufbahnberatung","status":"publish","type":"page","link":"https:\/\/max-planck-rs.adoring-tesla.88-198-121-67.plesk.page\/?page_id=25722","title":{"rendered":"Berufs- und Schullaufbahnberatung"},"content":{"rendered":"\t\t<div data-elementor-type=\"wp-page\" data-elementor-id=\"25722\" class=\"elementor elementor-25722\">\n\t\t\t\t\t\t<section class=\"elementor-section elementor-top-section elementor-element elementor-element-1827252 elementor-section-boxed elementor-section-height-default elementor-section-height-default\" data-id=\"1827252\" data-element_type=\"section\">\n\t\t\t\t\t\t<div class=\"elementor-container elementor-column-gap-default\">\n\t\t\t\t\t<div class=\"elementor-column elementor-col-100 elementor-top-column elementor-element elementor-element-c5d7c40\" data-id=\"c5d7c40\" data-element_type=\"column\">\n\t\t\t<div class=\"elementor-widget-wrap elementor-element-populated\">\n\t\t\t\t\t\t<div class=\"elementor-element elementor-element-6a02908 elementor-widget elementor-widget-heading\" data-id=\"6a02908\" data-element_type=\"widget\" data-widget_type=\"heading.default\">\n\t\t\t\t<div class=\"elementor-widget-container\">\n\t\t\t\t\t<h2 class=\"elementor-heading-title elementor-size-default\">Berufs- und Schullaufbahnberatung<\/h2>\t\t\t\t<\/div>\n\t\t\t\t<\/div>\n\t\t\t\t<div class=\"elementor-element elementor-element-aa2dd4d elementor-widget elementor-widget-spacer\" data-id=\"aa2dd4d\" data-element_type=\"widget\" data-widget_type=\"spacer.default\">\n\t\t\t\t<div class=\"elementor-widget-container\">\n\t\t\t\t\t\t\t<div class=\"elementor-spacer\">\n\t\t\t<div class=\"elementor-spacer-inner\"><\/div>\n\t\t<\/div>\n\t\t\t\t\t\t<\/div>\n\t\t\t\t<\/div>\n\t\t\t\t\t<\/div>\n\t\t<\/div>\n\t\t\t\t\t<\/div>\n\t\t<\/section>\n\t\t\t\t<section class=\"elementor-section elementor-top-section elementor-element elementor-element-1db01b4 elementor-section-boxed elementor-section-height-default elementor-section-height-default\" data-id=\"1db01b4\" data-element_type=\"section\">\n\t\t\t\t\t\t<div class=\"elementor-container elementor-column-gap-default\">\n\t\t\t\t\t<div class=\"elementor-column elementor-col-100 elementor-top-column elementor-element elementor-element-09612c5\" data-id=\"09612c5\" data-element_type=\"column\">\n\t\t\t<div class=\"elementor-widget-wrap elementor-element-populated\">\n\t\t\t\t\t\t<div class=\"elementor-element elementor-element-a0a607c elementor-widget elementor-widget-text-editor\" data-id=\"a0a607c\" data-element_type=\"widget\" data-widget_type=\"text-editor.default\">\n\t\t\t\t<div class=\"elementor-widget-container\">\n\t\t\t\t\t\t\t\t\t<p><img decoding=\"async\" src=\"https:\/\/max-planck-rs.de\/wp-content\/uploads\/2021\/04\/Berufsberatung.png\" alt=\"Dieses Bild hat ein leeres Alt-Attribut. Der Dateiname ist Berufsberatung.png\" \/><\/p>\t\t\t\t\t\t\t\t<\/div>\n\t\t\t\t<\/div>\n\t\t\t\t<div class=\"elementor-element elementor-element-1d9e7ec elementor-widget elementor-widget-text-editor\" data-id=\"1d9e7ec\" data-element_type=\"widget\" data-widget_type=\"text-editor.default\">\n\t\t\t\t<div class=\"elementor-widget-container\">\n\t\t\t\t\t\t\t\t\t<p>Ich bin DEINE pers\u00f6nliche Berufsberaterin an der Max Planck Realschule und unterst\u00fctze DICH gerne!<\/p><p>Damit DU keine langen Wege bestreiten musst bin ich<\/p><p><em><strong>dienstags und donnerstags <\/strong>von <strong>08.00 Uhr bis 11.30Uhr <\/strong>im Raum 208 an der Schule.<\/em><\/p><p>Von 08.00 \u2013 08:30 Uhr f\u00fcr alle Sch\u00fcler und Sch\u00fclerinnen ohne Termin.<\/p><p><em>Ab 08:30 Uhr <strong>terminierte Beratungen<\/strong>, zu denen sich sowohl <strong>Sch\u00fcler\/Innen als auch Eltern<\/strong> \u00fcber das <\/em><a href=\"https:\/\/max-planck-rs.de\/persoenliche-beratung-fuer-weitere-schul-und-berufswege\/\"><em><u><strong>Kontaktformular<\/strong><\/u><\/em><\/a><em> anmelden k\u00f6nnen.<\/em><\/p><p>Komm` einfach vorbei \u2013 ich freue mich \u00fcber DEINEN Besuch!<\/p><figure class=\"wp-block-image size-large\"><img fetchpriority=\"high\" decoding=\"async\" class=\"wp-image-20832\" src=\"https:\/\/i0.wp.com\/max-planck-rs.de\/wp-content\/uploads\/2021\/04\/Isabel_Schneider.png?resize=257%2C356&amp;ssl=1\" sizes=\"(max-width: 257px) 100vw, 257px\" srcset=\"https:\/\/i0.wp.com\/max-planck-rs.de\/wp-content\/uploads\/2021\/04\/Isabel_Schneider.png?w=257&amp;ssl=1 257w, https:\/\/i0.wp.com\/max-planck-rs.de\/wp-content\/uploads\/2021\/04\/Isabel_Schneider.png?resize=217%2C300&amp;ssl=1 217w, https:\/\/i0.wp.com\/max-planck-rs.de\/wp-content\/uploads\/2021\/04\/Isabel_Schneider.png?resize=108%2C150&amp;ssl=1 108w\" alt=\"\" width=\"257\" height=\"356\" data-attachment-id=\"20832\" data-permalink=\"https:\/\/max-planck-rs.de\/berufs-und-schullaufbahnberatung\/isabel_schneider\/\" data-orig-file=\"https:\/\/i0.wp.com\/max-planck-rs.de\/wp-content\/uploads\/2021\/04\/Isabel_Schneider.png?fit=257%2C356&amp;ssl=1\" data-orig-size=\"257,356\" data-comments-opened=\"1\" data-image-meta=\"{&quot;aperture&quot;:&quot;0&quot;,&quot;credit&quot;:&quot;&quot;,&quot;camera&quot;:&quot;&quot;,&quot;caption&quot;:&quot;&quot;,&quot;created_timestamp&quot;:&quot;0&quot;,&quot;copyright&quot;:&quot;&quot;,&quot;focal_length&quot;:&quot;0&quot;,&quot;iso&quot;:&quot;0&quot;,&quot;shutter_speed&quot;:&quot;0&quot;,&quot;title&quot;:&quot;&quot;,&quot;orientation&quot;:&quot;0&quot;}\" data-image-title=\"Isabel_Schneider\" data-image-description=\"\" data-image-caption=\"\" data-medium-file=\"https:\/\/i0.wp.com\/max-planck-rs.de\/wp-content\/uploads\/2021\/04\/Isabel_Schneider.png?fit=217%2C300&amp;ssl=1\" data-large-file=\"https:\/\/i0.wp.com\/max-planck-rs.de\/wp-content\/uploads\/2021\/04\/Isabel_Schneider.png?fit=257%2C356&amp;ssl=1\" \/><\/figure><p>Isabel Schneider<br \/><a href=\"mailto:isabel.schneider@arbeitsagentur.de\"><em><u>isabel.schneider@arbeitsagentur.de<\/u><\/em><\/a><br \/>0761\/2710-146<\/p><p>\u201eWas immer du tun kannst oder tr\u00e4umst es zu k\u00f6nnen, fang damit an!\u201c<\/p><p>-Goethe-<\/p>\t\t\t\t\t\t\t\t<\/div>\n\t\t\t\t<\/div>\n\t\t\t\t\t<\/div>\n\t\t<\/div>\n\t\t\t\t\t<\/div>\n\t\t<\/section>\n\t\t\t\t<\/div>\n\t\t","protected":false},"excerpt":{"rendered":"<p>Berufs- und Schullaufbahnberatung Ich bin DEINE pers\u00f6nliche Berufsberaterin an der Max Planck Realschule und unterst\u00fctze DICH gerne! Damit DU keine langen Wege bestreiten musst bin ich dienstags und donnerstags von 08.00 Uhr bis 11.30Uhr im Raum 208 an der Schule. Von 08.00 \u2013 08:30 Uhr f\u00fcr alle Sch\u00fcler und Sch\u00fclerinnen ohne Termin. Ab 08:30 Uhr [&hellip;]<\/p>\n","protected":false},"author":3,"featured_media":0,"parent":0,"menu_order":0,"comment_status":"closed","ping_status":"closed","template":"","meta":{"site-sidebar-layout":"no-sidebar","site-content-layout":"page-builder","ast-site-content-layout":"full-width-container","site-content-style":"default","site-sidebar-style":"default","ast-global-header-display":"","ast-banner-title-visibility":"","ast-main-header-display":"","ast-hfb-above-header-display":"","ast-hfb-below-header-display":"","ast-hfb-mobile-header-display":"","site-post-title":"disabled","ast-breadcrumbs-content":"","ast-featured-img":"disabled","footer-sml-layout":"","theme-transparent-header-meta":"","adv-header-id-meta":"","stick-header-meta":"","header-above-stick-meta":"","header-main-stick-meta":"","header-below-stick-meta":"","astra-migrate-meta-layouts":"set","ast-page-background-enabled":"default","ast-page-background-meta":{"desktop":{"background-color":"var(--ast-global-color-4)","background-image":"","background-repeat":"repeat","background-position":"center center","background-size":"auto","background-attachment":"scroll","background-type":"","background-media":"","overlay-type":"","overlay-color":"","overlay-opacity":"","overlay-gradient":""},"tablet":{"background-color":"","background-image":"","background-repeat":"repeat","background-position":"center center","background-size":"auto","background-attachment":"scroll","background-type":"","background-media":"","overlay-type":"","overlay-color":"","overlay-opacity":"","overlay-gradient":""},"mobile":{"background-color":"","background-image":"","background-repeat":"repeat","background-position":"center center","background-size":"auto","background-attachment":"scroll","background-type":"","background-media":"","overlay-type":"","overlay-color":"","overlay-opacity":"","overlay-gradient":""}},"ast-content-background-meta":{"desktop":{"background-color":"var(--ast-global-color-5)","background-image":"","background-repeat":"repeat","background-position":"center center","background-size":"auto","background-attachment":"scroll","background-type":"","background-media":"","overlay-type":"","overlay-color":"","overlay-opacity":"","overlay-gradient":""},"tablet":{"background-color":"var(--ast-global-color-5)","background-image":"","background-repeat":"repeat","background-position":"center center","background-size":"auto","background-attachment":"scroll","background-type":"","background-media":"","overlay-type":"","overlay-color":"","overlay-opacity":"","overlay-gradient":""},"mobile":{"background-color":"var(--ast-global-color-5)","background-image":"","background-repeat":"repeat","background-position":"center center","background-size":"auto","background-attachment":"scroll","background-type":"","background-media":"","overlay-type":"","overlay-color":"","overlay-opacity":"","overlay-gradient":""}},"footnotes":""},"class_list":["post-25722","page","type-page","status-publish","hentry"],"_links":{"self":[{"href":"https:\/\/max-planck-rs.adoring-tesla.88-198-121-67.plesk.page\/index.php?rest_route=\/wp\/v2\/pages\/25722","targetHints":{"allow":["GET"]}}],"collection":[{"href":"https:\/\/max-planck-rs.adoring-tesla.88-198-121-67.plesk.page\/index.php?rest_route=\/wp\/v2\/pages"}],"about":[{"href":"https:\/\/max-planck-rs.adoring-tesla.88-198-121-67.plesk.page\/index.php?rest_route=\/wp\/v2\/types\/page"}],"author":[{"embeddable":true,"href":"https:\/\/max-planck-rs.adoring-tesla.88-198-121-67.plesk.page\/index.php?rest_route=\/wp\/v2\/users\/3"}],"replies":[{"embeddable":true,"href":"https:\/\/max-planck-rs.adoring-tesla.88-198-121-67.plesk.page\/index.php?rest_route=%2Fwp%2Fv2%2Fcomments&post=25722"}],"version-history":[{"count":10,"href":"https:\/\/max-planck-rs.adoring-tesla.88-198-121-67.plesk.page\/index.php?rest_route=\/wp\/v2\/pages\/25722\/revisions"}],"predecessor-version":[{"id":25732,"href":"https:\/\/max-planck-rs.adoring-tesla.88-198-121-67.plesk.page\/index.php?rest_route=\/wp\/v2\/pages\/25722\/revisions\/25732"}],"wp:attachment":[{"href":"https:\/\/max-planck-rs.adoring-tesla.88-198-121-67.plesk.page\/index.php?rest_route=%2Fwp%2Fv2%2Fmedia&parent=25722"}],"curies":[{"name":"wp","href":"https:\/\/api.w.org\/{rel}","templated":true}]}}