{"id":25762,"date":"2024-04-22T05:36:26","date_gmt":"2024-04-22T05:36:26","guid":{"rendered":"https:\/\/max-planck-rs.adoring-tesla.88-198-121-67.plesk.page\/?page_id=25762"},"modified":"2024-04-22T05:50:52","modified_gmt":"2024-04-22T05:50:52","slug":"hort","status":"publish","type":"page","link":"https:\/\/max-planck-rs.adoring-tesla.88-198-121-67.plesk.page\/?page_id=25762","title":{"rendered":"Hort"},"content":{"rendered":"\t\t<div data-elementor-type=\"wp-page\" data-elementor-id=\"25762\" class=\"elementor elementor-25762\">\n\t\t\t\t\t\t<section class=\"elementor-section elementor-top-section elementor-element elementor-element-87370c7 elementor-section-boxed elementor-section-height-default elementor-section-height-default\" data-id=\"87370c7\" data-element_type=\"section\">\n\t\t\t\t\t\t<div class=\"elementor-container elementor-column-gap-default\">\n\t\t\t\t\t<div class=\"elementor-column elementor-col-100 elementor-top-column elementor-element elementor-element-cb4a0c3\" data-id=\"cb4a0c3\" data-element_type=\"column\">\n\t\t\t<div class=\"elementor-widget-wrap elementor-element-populated\">\n\t\t\t\t\t\t<div class=\"elementor-element elementor-element-998a307 elementor-widget elementor-widget-heading\" data-id=\"998a307\" data-element_type=\"widget\" data-widget_type=\"heading.default\">\n\t\t\t\t<div class=\"elementor-widget-container\">\n\t\t\t\t\t<h2 class=\"elementor-heading-title elementor-size-default\">Hort<\/h2>\t\t\t\t<\/div>\n\t\t\t\t<\/div>\n\t\t\t\t<div class=\"elementor-element elementor-element-a17f9b1 elementor-widget elementor-widget-spacer\" data-id=\"a17f9b1\" data-element_type=\"widget\" data-widget_type=\"spacer.default\">\n\t\t\t\t<div class=\"elementor-widget-container\">\n\t\t\t\t\t\t\t<div class=\"elementor-spacer\">\n\t\t\t<div class=\"elementor-spacer-inner\"><\/div>\n\t\t<\/div>\n\t\t\t\t\t\t<\/div>\n\t\t\t\t<\/div>\n\t\t\t\t\t<\/div>\n\t\t<\/div>\n\t\t\t\t\t<\/div>\n\t\t<\/section>\n\t\t\t\t<section class=\"elementor-section elementor-top-section elementor-element elementor-element-b73801b elementor-section-boxed elementor-section-height-default elementor-section-height-default\" data-id=\"b73801b\" data-element_type=\"section\">\n\t\t\t\t\t\t<div class=\"elementor-container elementor-column-gap-default\">\n\t\t\t\t\t<div class=\"elementor-column elementor-col-100 elementor-top-column elementor-element elementor-element-673b3bb\" data-id=\"673b3bb\" data-element_type=\"column\">\n\t\t\t<div class=\"elementor-widget-wrap elementor-element-populated\">\n\t\t\t\t\t\t<div class=\"elementor-element elementor-element-3878b74 elementor-widget elementor-widget-image\" data-id=\"3878b74\" data-element_type=\"widget\" data-widget_type=\"image.default\">\n\t\t\t\t<div class=\"elementor-widget-container\">\n\t\t\t\t\t\t\t\t\t\t\t\t\t\t\t<img fetchpriority=\"high\" decoding=\"async\" width=\"794\" height=\"358\" src=\"https:\/\/max-planck-rs.adoring-tesla.88-198-121-67.plesk.page\/wp-content\/uploads\/2024\/04\/Hort_2022.png\" class=\"attachment-large size-large wp-image-25764\" alt=\"\" srcset=\"https:\/\/max-planck-rs.adoring-tesla.88-198-121-67.plesk.page\/wp-content\/uploads\/2024\/04\/Hort_2022.png 794w, https:\/\/max-planck-rs.adoring-tesla.88-198-121-67.plesk.page\/wp-content\/uploads\/2024\/04\/Hort_2022-300x135.png 300w, https:\/\/max-planck-rs.adoring-tesla.88-198-121-67.plesk.page\/wp-content\/uploads\/2024\/04\/Hort_2022-768x346.png 768w\" sizes=\"(max-width: 794px) 100vw, 794px\" \/>\t\t\t\t\t\t\t\t\t\t\t\t\t\t\t<\/div>\n\t\t\t\t<\/div>\n\t\t\t\t\t<\/div>\n\t\t<\/div>\n\t\t\t\t\t<\/div>\n\t\t<\/section>\n\t\t\t\t<section class=\"elementor-section elementor-top-section elementor-element elementor-element-a2dd9d0 elementor-section-boxed elementor-section-height-default elementor-section-height-default\" data-id=\"a2dd9d0\" data-element_type=\"section\">\n\t\t\t\t\t\t<div class=\"elementor-container elementor-column-gap-default\">\n\t\t\t\t\t<div class=\"elementor-column elementor-col-100 elementor-top-column elementor-element elementor-element-84a03ee\" data-id=\"84a03ee\" data-element_type=\"column\">\n\t\t\t<div class=\"elementor-widget-wrap elementor-element-populated\">\n\t\t\t\t\t\t<div class=\"elementor-element elementor-element-56890a0 elementor-widget elementor-widget-text-editor\" data-id=\"56890a0\" data-element_type=\"widget\" data-widget_type=\"text-editor.default\">\n\t\t\t\t<div class=\"elementor-widget-container\">\n\t\t\t\t\t\t\t\t\t<p>Der \u201eHort an der Schule\u201c ist eine Einrichtung der Stadt Bad Krozingen in Kooperation mit der Johann-Heinrich-von-Landeck-Werkrealschule, der Max-Planck-Realschule und dem Kreisgymnasium.<br \/>Die Ganztagesbetreuung richtet sich an Sch\u00fcler und Sch\u00fclerinnen ab der 5. Klasse aller drei Schularten.<br \/>Im Februar 2008 startete der schulart\u00fcbergreifende Hort mit 21 Sch\u00fclern und Sch\u00fclerinnen und ist aufgrund der gro\u00dfen Nachfrage auf 140 Jugendliche angestiegen.<br \/>In einer angstfreien Lernathmosph\u00e4re erledigen die Sch\u00fcler in Ruhe und unter fachlicher Anleitung ihre Hausaufgaben. Des Weiteren wird die Zeit genutzt, um sich auf Klassenarbeiten vorzubereiten, zu bestimmten Themen zu recherchieren, den Stoff zu vertiefen oder auf andere Zusammenh\u00e4nge anzuwenden.<br \/>Bei der Freizeitgestaltung werden den Sch\u00fclern Anregungen geboten, eigene Interessen zu entdecken und zu entfalten. Parallel dazu haben sie die M\u00f6glichkeit, sich zu entspannen und sich im freien Spiel zu bet\u00e4tigen. Die Angebote dienen der Pers\u00f6nlichkeitsentwicklung, der Kreativit\u00e4tsf\u00f6rderung sowie der Team- und Gruppenentwicklung.<\/p><h2 class=\"has-text-align-left\"><span style=\"color: #0000ff;\"><b>Ansprechpartnerin<\/b><\/span><\/h2><h3 id=\"ricarda-gollnau\" class=\"wp-block-heading\"><strong>Ricarda Gollnau<\/strong><\/h3><h4 id=\"dipl-sozialarbeiterin-motopadin\" class=\"wp-block-heading\">Dipl. Sozialarbeiterin, Motop\u00e4din<\/h4><h3 id=\"telefonnr-07633-9204450\" class=\"wp-block-heading\"><strong>Telefonnr.:\u00a0 07633 \/ 9204450<\/strong><\/h3><h3 id=\"email-an-frau-gollnau\" class=\"wp-block-heading\">Mailadresse Frau Gollnau: gollnau@hort-bk.de.de<\/h3><h4 id=\"website-adresse-www-hort-bk-de\" class=\"wp-block-heading\">W<strong>ebsite-Adresse: <a href=\"http:\/\/www.hort-bk.de\" rel=\"nofollow\">http:\/\/www.hort-bk.de<\/a><\/strong><\/h4>\t\t\t\t\t\t\t\t<\/div>\n\t\t\t\t<\/div>\n\t\t\t\t\t<\/div>\n\t\t<\/div>\n\t\t\t\t\t<\/div>\n\t\t<\/section>\n\t\t\t\t<section class=\"elementor-section elementor-top-section elementor-element elementor-element-dc3a04a elementor-section-boxed elementor-section-height-default elementor-section-height-default\" data-id=\"dc3a04a\" data-element_type=\"section\">\n\t\t\t\t\t\t<div class=\"elementor-container elementor-column-gap-default\">\n\t\t\t\t\t<div class=\"elementor-column elementor-col-100 elementor-top-column elementor-element elementor-element-fe349b2\" data-id=\"fe349b2\" data-element_type=\"column\">\n\t\t\t<div class=\"elementor-widget-wrap elementor-element-populated\">\n\t\t\t\t\t\t<div class=\"elementor-element elementor-element-5dc1666 elementor-widget elementor-widget-image\" data-id=\"5dc1666\" data-element_type=\"widget\" data-widget_type=\"image.default\">\n\t\t\t\t<div class=\"elementor-widget-container\">\n\t\t\t\t\t\t\t\t\t\t\t\t\t\t\t<img decoding=\"async\" width=\"794\" height=\"843\" src=\"https:\/\/max-planck-rs.adoring-tesla.88-198-121-67.plesk.page\/wp-content\/uploads\/2024\/04\/Plan-Hort2022-1.webp\" class=\"attachment-large size-large wp-image-25775\" alt=\"\" srcset=\"https:\/\/max-planck-rs.adoring-tesla.88-198-121-67.plesk.page\/wp-content\/uploads\/2024\/04\/Plan-Hort2022-1.webp 794w, https:\/\/max-planck-rs.adoring-tesla.88-198-121-67.plesk.page\/wp-content\/uploads\/2024\/04\/Plan-Hort2022-1-283x300.webp 283w, https:\/\/max-planck-rs.adoring-tesla.88-198-121-67.plesk.page\/wp-content\/uploads\/2024\/04\/Plan-Hort2022-1-768x815.webp 768w\" sizes=\"(max-width: 794px) 100vw, 794px\" \/>\t\t\t\t\t\t\t\t\t\t\t\t\t\t\t<\/div>\n\t\t\t\t<\/div>\n\t\t\t\t\t<\/div>\n\t\t<\/div>\n\t\t\t\t\t<\/div>\n\t\t<\/section>\n\t\t\t\t<\/div>\n\t\t","protected":false},"excerpt":{"rendered":"<p>Hort Der \u201eHort an der Schule\u201c ist eine Einrichtung der Stadt Bad Krozingen in Kooperation mit der Johann-Heinrich-von-Landeck-Werkrealschule, der Max-Planck-Realschule und dem Kreisgymnasium.Die Ganztagesbetreuung richtet sich an Sch\u00fcler und Sch\u00fclerinnen ab der 5. Klasse aller drei Schularten.Im Februar 2008 startete der schulart\u00fcbergreifende Hort mit 21 Sch\u00fclern und Sch\u00fclerinnen und ist aufgrund der gro\u00dfen Nachfrage auf [&hellip;]<\/p>\n","protected":false},"author":3,"featured_media":0,"parent":0,"menu_order":0,"comment_status":"closed","ping_status":"closed","template":"","meta":{"site-sidebar-layout":"no-sidebar","site-content-layout":"page-builder","ast-site-content-layout":"full-width-container","site-content-style":"default","site-sidebar-style":"default","ast-global-header-display":"","ast-banner-title-visibility":"","ast-main-header-display":"","ast-hfb-above-header-display":"","ast-hfb-below-header-display":"","ast-hfb-mobile-header-display":"","site-post-title":"disabled","ast-breadcrumbs-content":"","ast-featured-img":"disabled","footer-sml-layout":"","theme-transparent-header-meta":"","adv-header-id-meta":"","stick-header-meta":"","header-above-stick-meta":"","header-main-stick-meta":"","header-below-stick-meta":"","astra-migrate-meta-layouts":"set","ast-page-background-enabled":"default","ast-page-background-meta":{"desktop":{"background-color":"var(--ast-global-color-4)","background-image":"","background-repeat":"repeat","background-position":"center center","background-size":"auto","background-attachment":"scroll","background-type":"","background-media":"","overlay-type":"","overlay-color":"","overlay-opacity":"","overlay-gradient":""},"tablet":{"background-color":"","background-image":"","background-repeat":"repeat","background-position":"center center","background-size":"auto","background-attachment":"scroll","background-type":"","background-media":"","overlay-type":"","overlay-color":"","overlay-opacity":"","overlay-gradient":""},"mobile":{"background-color":"","background-image":"","background-repeat":"repeat","background-position":"center center","background-size":"auto","background-attachment":"scroll","background-type":"","background-media":"","overlay-type":"","overlay-color":"","overlay-opacity":"","overlay-gradient":""}},"ast-content-background-meta":{"desktop":{"background-color":"var(--ast-global-color-5)","background-image":"","background-repeat":"repeat","background-position":"center center","background-size":"auto","background-attachment":"scroll","background-type":"","background-media":"","overlay-type":"","overlay-color":"","overlay-opacity":"","overlay-gradient":""},"tablet":{"background-color":"var(--ast-global-color-5)","background-image":"","background-repeat":"repeat","background-position":"center center","background-size":"auto","background-attachment":"scroll","background-type":"","background-media":"","overlay-type":"","overlay-color":"","overlay-opacity":"","overlay-gradient":""},"mobile":{"background-color":"var(--ast-global-color-5)","background-image":"","background-repeat":"repeat","background-position":"center center","background-size":"auto","background-attachment":"scroll","background-type":"","background-media":"","overlay-type":"","overlay-color":"","overlay-opacity":"","overlay-gradient":""}},"footnotes":""},"class_list":["post-25762","page","type-page","status-publish","hentry"],"_links":{"self":[{"href":"https:\/\/max-planck-rs.adoring-tesla.88-198-121-67.plesk.page\/index.php?rest_route=\/wp\/v2\/pages\/25762","targetHints":{"allow":["GET"]}}],"collection":[{"href":"https:\/\/max-planck-rs.adoring-tesla.88-198-121-67.plesk.page\/index.php?rest_route=\/wp\/v2\/pages"}],"about":[{"href":"https:\/\/max-planck-rs.adoring-tesla.88-198-121-67.plesk.page\/index.php?rest_route=\/wp\/v2\/types\/page"}],"author":[{"embeddable":true,"href":"https:\/\/max-planck-rs.adoring-tesla.88-198-121-67.plesk.page\/index.php?rest_route=\/wp\/v2\/users\/3"}],"replies":[{"embeddable":true,"href":"https:\/\/max-planck-rs.adoring-tesla.88-198-121-67.plesk.page\/index.php?rest_route=%2Fwp%2Fv2%2Fcomments&post=25762"}],"version-history":[{"count":28,"href":"https:\/\/max-planck-rs.adoring-tesla.88-198-121-67.plesk.page\/index.php?rest_route=\/wp\/v2\/pages\/25762\/revisions"}],"predecessor-version":[{"id":25795,"href":"https:\/\/max-planck-rs.adoring-tesla.88-198-121-67.plesk.page\/index.php?rest_route=\/wp\/v2\/pages\/25762\/revisions\/25795"}],"wp:attachment":[{"href":"https:\/\/max-planck-rs.adoring-tesla.88-198-121-67.plesk.page\/index.php?rest_route=%2Fwp%2Fv2%2Fmedia&parent=25762"}],"curies":[{"name":"wp","href":"https:\/\/api.w.org\/{rel}","templated":true}]}}