{"id":25796,"date":"2024-04-22T05:57:42","date_gmt":"2024-04-22T05:57:42","guid":{"rendered":"https:\/\/max-planck-rs.adoring-tesla.88-198-121-67.plesk.page\/?page_id=25796"},"modified":"2024-04-22T06:41:16","modified_gmt":"2024-04-22T06:41:16","slug":"foerderkreis","status":"publish","type":"page","link":"https:\/\/max-planck-rs.adoring-tesla.88-198-121-67.plesk.page\/?page_id=25796","title":{"rendered":"F\u00f6rderkreis"},"content":{"rendered":"\t\t<div data-elementor-type=\"wp-page\" data-elementor-id=\"25796\" class=\"elementor elementor-25796\">\n\t\t\t\t\t\t<section class=\"elementor-section elementor-top-section elementor-element elementor-element-7713dd1 elementor-section-boxed elementor-section-height-default elementor-section-height-default\" data-id=\"7713dd1\" data-element_type=\"section\">\n\t\t\t\t\t\t<div class=\"elementor-container elementor-column-gap-default\">\n\t\t\t\t\t<div class=\"elementor-column elementor-col-100 elementor-top-column elementor-element elementor-element-0058e3c\" data-id=\"0058e3c\" data-element_type=\"column\">\n\t\t\t<div class=\"elementor-widget-wrap elementor-element-populated\">\n\t\t\t\t\t\t<div class=\"elementor-element elementor-element-1c515bd elementor-widget elementor-widget-heading\" data-id=\"1c515bd\" data-element_type=\"widget\" data-widget_type=\"heading.default\">\n\t\t\t\t<div class=\"elementor-widget-container\">\n\t\t\t\t\t<h2 class=\"elementor-heading-title elementor-size-default\">F\u00f6rderkreis<\/h2>\t\t\t\t<\/div>\n\t\t\t\t<\/div>\n\t\t\t\t<div class=\"elementor-element elementor-element-12e28ea elementor-widget elementor-widget-spacer\" data-id=\"12e28ea\" data-element_type=\"widget\" data-widget_type=\"spacer.default\">\n\t\t\t\t<div class=\"elementor-widget-container\">\n\t\t\t\t\t\t\t<div class=\"elementor-spacer\">\n\t\t\t<div class=\"elementor-spacer-inner\"><\/div>\n\t\t<\/div>\n\t\t\t\t\t\t<\/div>\n\t\t\t\t<\/div>\n\t\t\t\t\t<\/div>\n\t\t<\/div>\n\t\t\t\t\t<\/div>\n\t\t<\/section>\n\t\t\t\t<section class=\"elementor-section elementor-top-section elementor-element elementor-element-130dd29 elementor-section-boxed elementor-section-height-default elementor-section-height-default\" data-id=\"130dd29\" data-element_type=\"section\">\n\t\t\t\t\t\t<div class=\"elementor-container elementor-column-gap-default\">\n\t\t\t\t\t<div class=\"elementor-column elementor-col-100 elementor-top-column elementor-element elementor-element-799f03f\" data-id=\"799f03f\" data-element_type=\"column\">\n\t\t\t<div class=\"elementor-widget-wrap elementor-element-populated\">\n\t\t\t\t\t\t<div class=\"elementor-element elementor-element-9e14279 elementor-widget elementor-widget-image\" data-id=\"9e14279\" data-element_type=\"widget\" data-widget_type=\"image.default\">\n\t\t\t\t<div class=\"elementor-widget-container\">\n\t\t\t\t\t\t\t\t\t\t\t\t\t\t\t<img fetchpriority=\"high\" decoding=\"async\" width=\"768\" height=\"805\" src=\"https:\/\/max-planck-rs.adoring-tesla.88-198-121-67.plesk.page\/wp-content\/uploads\/2024\/04\/Bild-Vorstand-Foerderkreis-768x805.webp\" class=\"attachment-medium_large size-medium_large wp-image-25798\" alt=\"\" srcset=\"https:\/\/max-planck-rs.adoring-tesla.88-198-121-67.plesk.page\/wp-content\/uploads\/2024\/04\/Bild-Vorstand-Foerderkreis-768x805.webp 768w, https:\/\/max-planck-rs.adoring-tesla.88-198-121-67.plesk.page\/wp-content\/uploads\/2024\/04\/Bild-Vorstand-Foerderkreis-286x300.webp 286w, https:\/\/max-planck-rs.adoring-tesla.88-198-121-67.plesk.page\/wp-content\/uploads\/2024\/04\/Bild-Vorstand-Foerderkreis.webp 840w\" sizes=\"(max-width: 768px) 100vw, 768px\" \/>\t\t\t\t\t\t\t\t\t\t\t\t\t\t\t<\/div>\n\t\t\t\t<\/div>\n\t\t\t\t<div class=\"elementor-element elementor-element-2b4fd5f elementor-widget elementor-widget-text-editor\" data-id=\"2b4fd5f\" data-element_type=\"widget\" data-widget_type=\"text-editor.default\">\n\t\t\t\t<div class=\"elementor-widget-container\">\n\t\t\t\t\t\t\t\t\t<p>Der F\u00f6rderkreis Max-Planck-Realschule Bad Krozingen e.V. wurde im Jahre 1993 gegr\u00fcndet mit dem Ziel, die Schule in ihrer Bildungs- und Erziehungsarbeit zu unterst\u00fctzen. Diese Unterst\u00fctzung erfolgt seither in Form von Mitgliedsbeitr\u00e4gen, Spenden und pers\u00f6nlichem Engagement.<\/p><p>Im Angesichte immer knapper werdender Ressourcen ist der F\u00f6rderkreis bestrebt \u2013 zum Wohle der Schule und damit nat\u00fcrlich jeden einzelnen Sch\u00fclers! \u2013 sein Wirken weiterhin auszubauen.<\/p><p>Hierzu brauchen wir Ihre Unterst\u00fctzung: wir freuen uns stets \u00fcber jedes neue Mitglied!<\/p><p><strong>Wie wird man zum F\u00f6rderer der Max-Planck-Realschule?<\/strong><\/p><p>Wenn auch Sie als Mitglied des F\u00f6rderkreises unsere Arbeit und somit unsere Schule unterst\u00fctzen m\u00f6chten, dann f\u00fcllen Sie bitte den <b>Aufnahmeantrag <\/b>(Download <a href=\"https:\/\/max-planck-rs.de\/wp-content\/uploads\/2023\/05\/Beitrittserklaerung-FK-MPRS_2023-04-29.pdf\">hier<\/a>) aus.<\/p><p>Schicken Sie diesen <b>elektronisch an: <\/b>foerderkreis@max-planck-rs.de<br \/>Oder geben Sie den Brief <b>im Sekretariat<\/b>\u00a0der Max-Planck-Realschule ab.<\/p><p><b>Wollen Sie uns einmalig spenden, k\u00f6nnen Sie das gerne unter folgender Bankverbindung tun:<\/b><\/p><p>F\u00f6rderkreis Max-Planck-Realschule Bad Krozingen e.V. <br \/>IBAN: DE10680523280009348145<br \/>Sparkasse Staufen-Breisach<\/p><p>Wir sind als gemeinn\u00fctziger Verein anerkannt. Sowohl eine Spende, als auch den Mitgliedsbeitrag k\u00f6nnen Sie in Ihrer Steuererkl\u00e4rung angeben.<\/p><p>Wir freuen uns auf Sie und verbleiben mit den herzlichsten Gr\u00fc\u00dfen<b><br \/><\/b><strong>Ihr F\u00f6rderkreis-Team<\/strong><\/p>\t\t\t\t\t\t\t\t<\/div>\n\t\t\t\t<\/div>\n\t\t\t\t\t<\/div>\n\t\t<\/div>\n\t\t\t\t\t<\/div>\n\t\t<\/section>\n\t\t\t\t<section class=\"elementor-section elementor-top-section elementor-element elementor-element-6ac936f elementor-section-boxed elementor-section-height-default elementor-section-height-default\" data-id=\"6ac936f\" data-element_type=\"section\">\n\t\t\t\t\t\t<div class=\"elementor-container elementor-column-gap-default\">\n\t\t\t\t\t<div class=\"elementor-column elementor-col-100 elementor-top-column elementor-element elementor-element-837b26e\" data-id=\"837b26e\" data-element_type=\"column\">\n\t\t\t<div class=\"elementor-widget-wrap\">\n\t\t\t\t\t\t\t<\/div>\n\t\t<\/div>\n\t\t\t\t\t<\/div>\n\t\t<\/section>\n\t\t\t\t<section class=\"elementor-section elementor-top-section elementor-element elementor-element-292f59e elementor-section-boxed elementor-section-height-default elementor-section-height-default\" data-id=\"292f59e\" data-element_type=\"section\">\n\t\t\t\t\t\t<div class=\"elementor-container elementor-column-gap-default\">\n\t\t\t\t\t<div class=\"elementor-column elementor-col-100 elementor-top-column elementor-element elementor-element-7cc1721\" data-id=\"7cc1721\" data-element_type=\"column\">\n\t\t\t<div class=\"elementor-widget-wrap elementor-element-populated\">\n\t\t\t\t\t\t<div class=\"elementor-element elementor-element-0e76630 elementor-widget elementor-widget-text-editor\" data-id=\"0e76630\" data-element_type=\"widget\" data-widget_type=\"text-editor.default\">\n\t\t\t\t<div class=\"elementor-widget-container\">\n\t\t\t\t\t\t\t\t\t<p>Download Flyer F\u00f6rderkreis:<\/p>\n<p><a href=\"https:\/\/max-planck-rs.adoring-tesla.88-198-121-67.plesk.page\/wp-content\/uploads\/2024\/04\/Foerderkreis_MPRS_Flyer_2023_1-1-3.pdf\">Foerderkreis_MPRS_Flyer_2023_1-1<\/a><\/p>\t\t\t\t\t\t\t\t<\/div>\n\t\t\t\t<\/div>\n\t\t\t\t\t<\/div>\n\t\t<\/div>\n\t\t\t\t\t<\/div>\n\t\t<\/section>\n\t\t\t\t<section class=\"elementor-section elementor-top-section elementor-element elementor-element-9299001 elementor-section-boxed elementor-section-height-default elementor-section-height-default\" data-id=\"9299001\" data-element_type=\"section\">\n\t\t\t\t\t\t<div class=\"elementor-container elementor-column-gap-default\">\n\t\t\t\t\t<div class=\"elementor-column elementor-col-100 elementor-top-column elementor-element elementor-element-c71d2a4\" data-id=\"c71d2a4\" data-element_type=\"column\">\n\t\t\t<div class=\"elementor-widget-wrap elementor-element-populated\">\n\t\t\t\t\t\t<div class=\"elementor-element elementor-element-fac199a elementor-widget elementor-widget-text-editor\" data-id=\"fac199a\" data-element_type=\"widget\" data-widget_type=\"text-editor.default\">\n\t\t\t\t<div class=\"elementor-widget-container\">\n\t\t\t\t\t\t\t\t\t<p><strong>Du willst dem F\u00f6rderkreis beitreten ? F\u00fclle bitte das folgende Kontaktformular aus:<\/strong><\/p>\t\t\t\t\t\t\t\t<\/div>\n\t\t\t\t<\/div>\n\t\t\t\t<div class=\"elementor-element elementor-element-738870c elementor-widget elementor-widget-shortcode\" data-id=\"738870c\" data-element_type=\"widget\" data-widget_type=\"shortcode.default\">\n\t\t\t\t<div class=\"elementor-widget-container\">\n\t\t\t\t\t\t\t<div class=\"elementor-shortcode\">\n<div class=\"wpcf7 no-js\" id=\"wpcf7-f12-o1\" lang=\"de-DE\" dir=\"ltr\" data-wpcf7-id=\"12\">\n<div class=\"screen-reader-response\"><p role=\"status\" aria-live=\"polite\" aria-atomic=\"true\"><\/p> <ul><\/ul><\/div>\n<form action=\"\/index.php?rest_route=%2Fwp%2Fv2%2Fpages%2F25796#wpcf7-f12-o1\" method=\"post\" class=\"wpcf7-form init\" aria-label=\"Kontaktformular\" novalidate=\"novalidate\" data-status=\"init\">\n<fieldset class=\"hidden-fields-container\"><input type=\"hidden\" name=\"_wpcf7\" value=\"12\" \/><input type=\"hidden\" name=\"_wpcf7_version\" value=\"6.1.1\" \/><input type=\"hidden\" name=\"_wpcf7_locale\" value=\"de_DE\" \/><input type=\"hidden\" name=\"_wpcf7_unit_tag\" value=\"wpcf7-f12-o1\" \/><input type=\"hidden\" name=\"_wpcf7_container_post\" value=\"0\" \/><input type=\"hidden\" name=\"_wpcf7_posted_data_hash\" value=\"\" \/>\n<\/fieldset>\n<p><label> Vorname Nachname*<br \/>\n<span class=\"wpcf7-form-control-wrap\" data-name=\"your-name\"><input size=\"40\" maxlength=\"400\" class=\"wpcf7-form-control wpcf7-text wpcf7-validates-as-required\" autocomplete=\"name\" aria-required=\"true\" aria-invalid=\"false\" value=\"\" type=\"text\" name=\"your-name\" \/><\/span> <\/label>\n<\/p>\n<p><label> E-Mail-Adresse<br \/>\n<span class=\"wpcf7-form-control-wrap\" data-name=\"your-email\"><input size=\"40\" maxlength=\"400\" class=\"wpcf7-form-control wpcf7-email wpcf7-text wpcf7-validates-as-email\" autocomplete=\"email\" aria-invalid=\"false\" value=\"\" type=\"email\" name=\"your-email\" \/><\/span> <\/label>\n<\/p>\n<p><label> Telefonnummer*<br \/>\n<span class=\"wpcf7-form-control-wrap\" data-name=\"tel-704\"><input size=\"40\" maxlength=\"400\" class=\"wpcf7-form-control wpcf7-tel wpcf7-validates-as-required wpcf7-text wpcf7-validates-as-tel\" aria-required=\"true\" aria-invalid=\"false\" value=\"\" type=\"tel\" name=\"tel-704\" \/><\/span> <\/label>\n<\/p>\n<p><label> Nachricht*<br \/>\n<span class=\"wpcf7-form-control-wrap\" data-name=\"your-message\"><textarea cols=\"40\" rows=\"10\" maxlength=\"2000\" class=\"wpcf7-form-control wpcf7-textarea wpcf7-validates-as-required\" aria-required=\"true\" aria-invalid=\"false\" name=\"your-message\"><\/textarea><\/span> <\/label>\n<\/p>\n<p><input class=\"wpcf7-form-control wpcf7-submit has-spinner\" type=\"submit\" value=\"Senden\" \/>\n<\/p><div class=\"wpcf7-response-output\" aria-hidden=\"true\"><\/div>\n<\/form>\n<\/div>\n<\/div>\n\t\t\t\t\t\t<\/div>\n\t\t\t\t<\/div>\n\t\t\t\t\t<\/div>\n\t\t<\/div>\n\t\t\t\t\t<\/div>\n\t\t<\/section>\n\t\t\t\t<\/div>\n\t\t","protected":false},"excerpt":{"rendered":"<p>F\u00f6rderkreis Der F\u00f6rderkreis Max-Planck-Realschule Bad Krozingen e.V. wurde im Jahre 1993 gegr\u00fcndet mit dem Ziel, die Schule in ihrer Bildungs- und Erziehungsarbeit zu unterst\u00fctzen. Diese Unterst\u00fctzung erfolgt seither in Form von Mitgliedsbeitr\u00e4gen, Spenden und pers\u00f6nlichem Engagement. Im Angesichte immer knapper werdender Ressourcen ist der F\u00f6rderkreis bestrebt \u2013 zum Wohle der Schule und damit nat\u00fcrlich jeden [&hellip;]<\/p>\n","protected":false},"author":3,"featured_media":0,"parent":0,"menu_order":0,"comment_status":"closed","ping_status":"closed","template":"","meta":{"site-sidebar-layout":"no-sidebar","site-content-layout":"page-builder","ast-site-content-layout":"full-width-container","site-content-style":"default","site-sidebar-style":"default","ast-global-header-display":"","ast-banner-title-visibility":"","ast-main-header-display":"","ast-hfb-above-header-display":"","ast-hfb-below-header-display":"","ast-hfb-mobile-header-display":"","site-post-title":"disabled","ast-breadcrumbs-content":"","ast-featured-img":"disabled","footer-sml-layout":"","theme-transparent-header-meta":"","adv-header-id-meta":"","stick-header-meta":"","header-above-stick-meta":"","header-main-stick-meta":"","header-below-stick-meta":"","astra-migrate-meta-layouts":"set","ast-page-background-enabled":"default","ast-page-background-meta":{"desktop":{"background-color":"var(--ast-global-color-4)","background-image":"","background-repeat":"repeat","background-position":"center center","background-size":"auto","background-attachment":"scroll","background-type":"","background-media":"","overlay-type":"","overlay-color":"","overlay-opacity":"","overlay-gradient":""},"tablet":{"background-color":"","background-image":"","background-repeat":"repeat","background-position":"center center","background-size":"auto","background-attachment":"scroll","background-type":"","background-media":"","overlay-type":"","overlay-color":"","overlay-opacity":"","overlay-gradient":""},"mobile":{"background-color":"","background-image":"","background-repeat":"repeat","background-position":"center center","background-size":"auto","background-attachment":"scroll","background-type":"","background-media":"","overlay-type":"","overlay-color":"","overlay-opacity":"","overlay-gradient":""}},"ast-content-background-meta":{"desktop":{"background-color":"var(--ast-global-color-5)","background-image":"","background-repeat":"repeat","background-position":"center center","background-size":"auto","background-attachment":"scroll","background-type":"","background-media":"","overlay-type":"","overlay-color":"","overlay-opacity":"","overlay-gradient":""},"tablet":{"background-color":"var(--ast-global-color-5)","background-image":"","background-repeat":"repeat","background-position":"center center","background-size":"auto","background-attachment":"scroll","background-type":"","background-media":"","overlay-type":"","overlay-color":"","overlay-opacity":"","overlay-gradient":""},"mobile":{"background-color":"var(--ast-global-color-5)","background-image":"","background-repeat":"repeat","background-position":"center center","background-size":"auto","background-attachment":"scroll","background-type":"","background-media":"","overlay-type":"","overlay-color":"","overlay-opacity":"","overlay-gradient":""}},"footnotes":""},"class_list":["post-25796","page","type-page","status-publish","hentry"],"_links":{"self":[{"href":"https:\/\/max-planck-rs.adoring-tesla.88-198-121-67.plesk.page\/index.php?rest_route=\/wp\/v2\/pages\/25796","targetHints":{"allow":["GET"]}}],"collection":[{"href":"https:\/\/max-planck-rs.adoring-tesla.88-198-121-67.plesk.page\/index.php?rest_route=\/wp\/v2\/pages"}],"about":[{"href":"https:\/\/max-planck-rs.adoring-tesla.88-198-121-67.plesk.page\/index.php?rest_route=\/wp\/v2\/types\/page"}],"author":[{"embeddable":true,"href":"https:\/\/max-planck-rs.adoring-tesla.88-198-121-67.plesk.page\/index.php?rest_route=\/wp\/v2\/users\/3"}],"replies":[{"embeddable":true,"href":"https:\/\/max-planck-rs.adoring-tesla.88-198-121-67.plesk.page\/index.php?rest_route=%2Fwp%2Fv2%2Fcomments&post=25796"}],"version-history":[{"count":42,"href":"https:\/\/max-planck-rs.adoring-tesla.88-198-121-67.plesk.page\/index.php?rest_route=\/wp\/v2\/pages\/25796\/revisions"}],"predecessor-version":[{"id":25848,"href":"https:\/\/max-planck-rs.adoring-tesla.88-198-121-67.plesk.page\/index.php?rest_route=\/wp\/v2\/pages\/25796\/revisions\/25848"}],"wp:attachment":[{"href":"https:\/\/max-planck-rs.adoring-tesla.88-198-121-67.plesk.page\/index.php?rest_route=%2Fwp%2Fv2%2Fmedia&parent=25796"}],"curies":[{"name":"wp","href":"https:\/\/api.w.org\/{rel}","templated":true}]}}