{"id":328,"date":"2023-03-27T15:31:38","date_gmt":"2023-03-27T15:31:38","guid":{"rendered":"https:\/\/adoring-tesla.88-198-121-67.plesk.page\/?page_id=328"},"modified":"2024-04-24T16:16:37","modified_gmt":"2024-04-24T16:16:37","slug":"downloads","status":"publish","type":"page","link":"https:\/\/max-planck-rs.adoring-tesla.88-198-121-67.plesk.page\/?page_id=328","title":{"rendered":"Downloads"},"content":{"rendered":"\t\t<div data-elementor-type=\"wp-page\" data-elementor-id=\"328\" class=\"elementor elementor-328\">\n\t\t\t\t\t\t<section class=\"elementor-section elementor-top-section elementor-element elementor-element-648ace8 elementor-section-boxed elementor-section-height-default elementor-section-height-default\" data-id=\"648ace8\" data-element_type=\"section\">\n\t\t\t\t\t\t<div class=\"elementor-container elementor-column-gap-default\">\n\t\t\t\t\t<div class=\"elementor-column elementor-col-100 elementor-top-column elementor-element elementor-element-018dc4c\" data-id=\"018dc4c\" data-element_type=\"column\">\n\t\t\t<div class=\"elementor-widget-wrap elementor-element-populated\">\n\t\t\t\t\t\t<section class=\"elementor-section elementor-inner-section elementor-element elementor-element-628bb16 elementor-section-boxed elementor-section-height-default elementor-section-height-default\" data-id=\"628bb16\" data-element_type=\"section\">\n\t\t\t\t\t\t<div class=\"elementor-container elementor-column-gap-default\">\n\t\t\t\t\t<div class=\"elementor-column elementor-col-100 elementor-inner-column elementor-element elementor-element-fe0e692\" data-id=\"fe0e692\" data-element_type=\"column\">\n\t\t\t<div class=\"elementor-widget-wrap elementor-element-populated\">\n\t\t\t\t\t\t<div class=\"elementor-element elementor-element-4cf21ba elementor-widget elementor-widget-heading\" data-id=\"4cf21ba\" data-element_type=\"widget\" data-widget_type=\"heading.default\">\n\t\t\t\t<div class=\"elementor-widget-container\">\n\t\t\t\t\t<h4 class=\"elementor-heading-title elementor-size-default\">Infos\/Schreiben<\/h4>\t\t\t\t<\/div>\n\t\t\t\t<\/div>\n\t\t\t\t<div class=\"elementor-element elementor-element-3ffdd8e elementor-widget elementor-widget-text-editor\" data-id=\"3ffdd8e\" data-element_type=\"widget\" data-widget_type=\"text-editor.default\">\n\t\t\t\t<div class=\"elementor-widget-container\">\n\t\t\t\t\t\t\t\t\t<h4 style=\"text-align: left;\"><span style=\"text-decoration: underline;\">Allgemein<\/span><\/h4><ul style=\"text-align: left;\"><li><a href=\"https:\/\/max-planck-rs.adoring-tesla.88-198-121-67.plesk.page\/wp-content\/uploads\/2024\/04\/MPRS-Schulinformation23-24.pdf\">MPRS-Schulinformation23-24<\/a><\/li><li><a href=\"https:\/\/max-planck-rs.adoring-tesla.88-198-121-67.plesk.page\/wp-content\/uploads\/2024\/04\/MPRS-Schulordnung_2023.pdf\">MPRS-Schulordnung_2023<\/a><\/li><li><a href=\"https:\/\/max-planck-rs.adoring-tesla.88-198-121-67.plesk.page\/wp-content\/uploads\/2024\/04\/Antrag-auf-Beurlaubung-vom-Unterricht.docx\">Antrag-auf-Beurlaubung-vom-Unterricht<\/a><\/li><li><a href=\"https:\/\/max-planck-rs.adoring-tesla.88-198-121-67.plesk.page\/wp-content\/uploads\/2024\/04\/Antrag-auf-Beurlaubung-vom-Unterricht-pdf.pdf\">Antrag-auf-Beurlaubung-vom-Unterricht pdf<\/a><\/li><li><a href=\"https:\/\/max-planck-rs.adoring-tesla.88-198-121-67.plesk.page\/wp-content\/uploads\/2024\/04\/Schulkonferenz_Infoblatt.pdf\">Schulkonferenz_Infoblatt<\/a><\/li><\/ul><h4 style=\"text-align: left;\"><span style=\"text-decoration: underline;\">Buspl\u00e4ne<\/span><\/h4><ul style=\"text-align: left;\"><li><a href=\"https:\/\/max-planck-rs.adoring-tesla.88-198-121-67.plesk.page\/wp-content\/uploads\/2024\/04\/Bad_Kroz._Schulzentrum_Abfahrt-Stand-15.12.2023.pdf\">Bad_Kroz._Schulzentrum_Abfahrt-Stand-15.12.2023<\/a><\/li><li><a href=\"https:\/\/max-planck-rs.adoring-tesla.88-198-121-67.plesk.page\/wp-content\/uploads\/2024\/04\/Bad_Kroz._Schulzentrum_Ankunft-Stand-15.12.2023.pdf\">Bad_Kroz._Schulzentrum_Ankunft-Stand-15.12.2023<\/a><\/li><li><a href=\"https:\/\/max-planck-rs.adoring-tesla.88-198-121-67.plesk.page\/wp-content\/uploads\/2024\/04\/Bad_Kroz._Sportbad_Bahnhof_Abfahrt-3.pdf\">Bad_Kroz._Sportbad_Bahnhof_Abfahrt-3<\/a><\/li><li><a href=\"https:\/\/max-planck-rs.adoring-tesla.88-198-121-67.plesk.page\/wp-content\/uploads\/2024\/04\/Bad_Kroz._Sportbad_Heitersheim_Abfahrt.pdf\">Bad_Kroz._Sportbad_Heitersheim_Abfahrt<\/a><\/li><\/ul><h4 style=\"text-align: left;\"><span style=\"text-decoration: underline;\">Kontakt \u00d6PNV<\/span><\/h4><ul style=\"text-align: left;\"><li><a href=\"https:\/\/max-planck-rs.adoring-tesla.88-198-121-67.plesk.page\/wp-content\/uploads\/2024\/04\/Kontakt-OePNV-MPRS-Website-neu.pdf\">Kontakt-OePNV-MPRS-Website-neu<\/a><\/li><\/ul><h4 style=\"text-align: left;\">I<span style=\"text-decoration: underline;\">nformationen zu den Abschl\u00fcssen G- und M-Niveau<\/span><\/h4><ul style=\"text-align: left;\"><li><a href=\"https:\/\/max-planck-rs.adoring-tesla.88-198-121-67.plesk.page\/wp-content\/uploads\/2024\/04\/KUMI_Flyer_StarkeRealschule_170126_online.pdf\">KUMI_Flyer_StarkeRealschule_170126_online<\/a><\/li><\/ul><h4 style=\"text-align: left;\"><span style=\"text-decoration: underline;\">\u00dcbersicht neue Wahlpflichtf\u00e4cher (Klasse 6\/7)<\/span><\/h4><ul style=\"text-align: left;\"><li><a href=\"https:\/\/max-planck-rs.adoring-tesla.88-198-121-67.plesk.page\/wp-content\/uploads\/2024\/04\/Flyer_Wahlpflichtfaecher_2017.pdf\">Flyer_Wahlpflichtf\u00e4cher_2017<\/a><\/li><\/ul><h4 style=\"text-align: left;\"><span style=\"text-decoration: underline;\">Informationsschreiben neuLernkonzepten an der RS<\/span><\/h4><ul style=\"text-align: left;\"><li><a href=\"https:\/\/max-planck-rs.adoring-tesla.88-198-121-67.plesk.page\/wp-content\/uploads\/2024\/04\/RS_Lernen_151012_ONLINE.pdf\">RS_Lernen_151012_ONLINE<\/a><\/li><\/ul><h4 style=\"text-align: left;\"><span style=\"text-decoration: underline;\">Sch\u00fcler-Abo<\/span><\/h4><ul style=\"text-align: left;\"><li><a href=\"https:\/\/max-planck-rs.adoring-tesla.88-198-121-67.plesk.page\/wp-content\/uploads\/2024\/04\/Online-Bestellformular_Jugendticket.pdf\">Online-Bestellformular_Jugendticket<\/a><\/li><\/ul><h4 style=\"text-align: left;\"><span style=\"text-decoration: underline;\">F\u00f6rderkreis<\/span><\/h4><ul style=\"text-align: left;\"><li><a href=\"https:\/\/max-planck-rs.adoring-tesla.88-198-121-67.plesk.page\/wp-content\/uploads\/2024\/04\/Beitrittserklaerung-FK-MPRS_2023-04-29.pdf\">Beitrittserklaerung-FK-MPRS_2023-04-29<\/a><\/li><li><a href=\"https:\/\/max-planck-rs.adoring-tesla.88-198-121-67.plesk.page\/wp-content\/uploads\/2024\/04\/FK-MPRS-DSGVO-Datenschutzhinweis-2023-04-30.pdf\">FK-MPRS-DSGVO-Datenschutzhinweis-2023-04-30<\/a><\/li><li><a href=\"https:\/\/max-planck-rs.adoring-tesla.88-198-121-67.plesk.page\/wp-content\/uploads\/2024\/04\/Foerderkreis-Flyer-2023.pdf\">Foerderkreis-Flyer-2023<\/a><\/li><\/ul><p style=\"text-align: left;\">\u00a0<\/p>\t\t\t\t\t\t\t\t<\/div>\n\t\t\t\t<\/div>\n\t\t\t\t<div class=\"elementor-element elementor-element-cd66a6c elementor-widget elementor-widget-heading\" data-id=\"cd66a6c\" data-element_type=\"widget\" data-widget_type=\"heading.default\">\n\t\t\t\t<div class=\"elementor-widget-container\">\n\t\t\t\t\t<h4 class=\"elementor-heading-title elementor-size-default\">Termine<\/h4>\t\t\t\t<\/div>\n\t\t\t\t<\/div>\n\t\t\t\t<div class=\"elementor-element elementor-element-ac07216 elementor-widget elementor-widget-text-editor\" data-id=\"ac07216\" data-element_type=\"widget\" data-widget_type=\"text-editor.default\">\n\t\t\t\t<div class=\"elementor-widget-container\">\n\t\t\t\t\t\t\t\t\t<header><h1>Termin\u00fcbersicht<\/h1><\/header><div><p><strong>Jahresplan MPRS Schuljahr 2023\/2024<\/strong><\/p><p><a href=\"https:\/\/max-planck-rs.adoring-tesla.88-198-121-67.plesk.page\/wp-content\/uploads\/2024\/04\/Termine-Homepage-2023-24-Stand-22.02.2024.pdf\">Termine-Homepage-2023-24-Stand-22.02.2024<\/a><\/p><p><strong>Ferienplan MPRS Schuljahr 2023\/2024<\/strong><\/p><p><a href=\"https:\/\/max-planck-rs.adoring-tesla.88-198-121-67.plesk.page\/wp-content\/uploads\/2024\/04\/Ferien-2023-2024-Bad-Krozingen.pdf\">Ferien-2023-2024-Bad-Krozingen<\/a><\/p><p>Blankoferienkalender Baden-W\u00fcrttemberg in Word (kostenlos)\u00a0 zum Eintragen bestimmter Termine unter:<\/p><p><a href=\"https:\/\/www.kalenderpedia.de\/kalender\/schulkalender-2023-2024-baden-wuerttemberg-word-vorlagen.html\">Kalenderpaedia Schulkalender<\/a><\/p><p>\u00a0<\/p><p>\u00a0<\/p><\/div>\t\t\t\t\t\t\t\t<\/div>\n\t\t\t\t<\/div>\n\t\t\t\t<div class=\"elementor-element elementor-element-452eacd elementor-widget elementor-widget-heading\" data-id=\"452eacd\" data-element_type=\"widget\" data-widget_type=\"heading.default\">\n\t\t\t\t<div class=\"elementor-widget-container\">\n\t\t\t\t\t<h4 class=\"elementor-heading-title elementor-size-default\">F\u00e4cher<\/h4>\t\t\t\t<\/div>\n\t\t\t\t<\/div>\n\t\t\t\t<div class=\"elementor-element elementor-element-e8ef5e9 elementor-widget elementor-widget-heading\" data-id=\"e8ef5e9\" data-element_type=\"widget\" data-widget_type=\"heading.default\">\n\t\t\t\t<div class=\"elementor-widget-container\">\n\t\t\t\t\t<h4 class=\"elementor-heading-title elementor-size-default\">Klassenstufen<\/h4>\t\t\t\t<\/div>\n\t\t\t\t<\/div>\n\t\t\t\t<div class=\"elementor-element elementor-element-7d886f2 elementor-widget elementor-widget-heading\" data-id=\"7d886f2\" data-element_type=\"widget\" data-widget_type=\"heading.default\">\n\t\t\t\t<div class=\"elementor-widget-container\">\n\t\t\t\t\t<h4 class=\"elementor-heading-title elementor-size-default\">Lehrer E-Mail<\/h4>\t\t\t\t<\/div>\n\t\t\t\t<\/div>\n\t\t\t\t<div class=\"elementor-element elementor-element-9524868 elementor-widget elementor-widget-text-editor\" data-id=\"9524868\" data-element_type=\"widget\" data-widget_type=\"text-editor.default\">\n\t\t\t\t<div class=\"elementor-widget-container\">\n\t\t\t\t\t\t\t\t\t<p><a href=\"https:\/\/mbox1.belwue.de\/\">https:\/\/mbox1.belwue.de\/<\/a><\/p>\t\t\t\t\t\t\t\t<\/div>\n\t\t\t\t<\/div>\n\t\t\t\t<div class=\"elementor-element elementor-element-6967d17 elementor-widget elementor-widget-heading\" data-id=\"6967d17\" data-element_type=\"widget\" data-widget_type=\"heading.default\">\n\t\t\t\t<div class=\"elementor-widget-container\">\n\t\t\t\t\t<h4 class=\"elementor-heading-title elementor-size-default\">Allgemeines<\/h4>\t\t\t\t<\/div>\n\t\t\t\t<\/div>\n\t\t\t\t<div class=\"elementor-element elementor-element-607f572 elementor-widget elementor-widget-text-editor\" data-id=\"607f572\" data-element_type=\"widget\" data-widget_type=\"text-editor.default\">\n\t\t\t\t<div class=\"elementor-widget-container\">\n\t\t\t\t\t\t\t\t\t<p>Lorem ipsum dolor sit amet, consectetur adipiscing elit. Ut elit tellus, luctus nec ullamcorper mattis, pulvinar dapibus leo.<\/p>\t\t\t\t\t\t\t\t<\/div>\n\t\t\t\t<\/div>\n\t\t\t\t<div class=\"elementor-element elementor-element-b8285f0 elementor-widget elementor-widget-heading\" data-id=\"b8285f0\" data-element_type=\"widget\" data-widget_type=\"heading.default\">\n\t\t\t\t<div class=\"elementor-widget-container\">\n\t\t\t\t\t<h4 class=\"elementor-heading-title elementor-size-default\">Allgemeines<\/h4>\t\t\t\t<\/div>\n\t\t\t\t<\/div>\n\t\t\t\t<div class=\"elementor-element elementor-element-f059868 elementor-widget elementor-widget-text-editor\" data-id=\"f059868\" data-element_type=\"widget\" data-widget_type=\"text-editor.default\">\n\t\t\t\t<div class=\"elementor-widget-container\">\n\t\t\t\t\t\t\t\t\t<ul><li><a href=\"#\">Krankmeldung<\/a><\/li><li><a href=\"#\">Tag der offenen T\u00fcr<\/a><\/li><li><a href=\"#\">Elterninformation<\/a><\/li><li><a href=\"#\">Infoveranstaltung<\/a><\/li><\/ul>\t\t\t\t\t\t\t\t<\/div>\n\t\t\t\t<\/div>\n\t\t\t\t\t<\/div>\n\t\t<\/div>\n\t\t\t\t\t<\/div>\n\t\t<\/section>\n\t\t\t\t<section class=\"elementor-section elementor-inner-section elementor-element elementor-element-37eba3d elementor-section-boxed elementor-section-height-default elementor-section-height-default\" data-id=\"37eba3d\" data-element_type=\"section\">\n\t\t\t\t\t\t<div class=\"elementor-container elementor-column-gap-default\">\n\t\t\t\t\t<div class=\"elementor-column elementor-col-100 elementor-inner-column elementor-element elementor-element-2588ec3\" data-id=\"2588ec3\" data-element_type=\"column\">\n\t\t\t<div class=\"elementor-widget-wrap elementor-element-populated\">\n\t\t\t\t\t\t<div class=\"elementor-element elementor-element-e8eb1bf elementor-widget elementor-widget-heading\" data-id=\"e8eb1bf\" data-element_type=\"widget\" data-widget_type=\"heading.default\">\n\t\t\t\t<div class=\"elementor-widget-container\">\n\t\t\t\t\t<h4 class=\"elementor-heading-title elementor-size-default\">F\u00fcr die 5. Klassen<\/h4>\t\t\t\t<\/div>\n\t\t\t\t<\/div>\n\t\t\t\t<div class=\"elementor-element elementor-element-4bc6b70 elementor-widget elementor-widget-text-editor\" data-id=\"4bc6b70\" data-element_type=\"widget\" data-widget_type=\"text-editor.default\">\n\t\t\t\t<div class=\"elementor-widget-container\">\n\t\t\t\t\t\t\t\t\t<ul><li><a href=\"#\">Anmeldung<\/a><\/li><li><a href=\"#\">Tag der offenen T\u00fcr<\/a><\/li><li><a href=\"#\">Elterninformation<\/a><\/li><li><a href=\"#\">Verlassen des Schulgel\u00e4ndes<\/a><\/li><\/ul>\t\t\t\t\t\t\t\t<\/div>\n\t\t\t\t<\/div>\n\t\t\t\t\t<\/div>\n\t\t<\/div>\n\t\t\t\t\t<\/div>\n\t\t<\/section>\n\t\t\t\t<section class=\"elementor-section elementor-inner-section elementor-element elementor-element-4d80322 elementor-section-boxed elementor-section-height-default elementor-section-height-default\" data-id=\"4d80322\" data-element_type=\"section\">\n\t\t\t\t\t\t<div class=\"elementor-container elementor-column-gap-default\">\n\t\t\t\t\t<div class=\"elementor-column elementor-col-100 elementor-inner-column elementor-element elementor-element-b231903\" data-id=\"b231903\" data-element_type=\"column\">\n\t\t\t<div class=\"elementor-widget-wrap elementor-element-populated\">\n\t\t\t\t\t\t<div class=\"elementor-element elementor-element-c480e47 elementor-widget elementor-widget-heading\" data-id=\"c480e47\" data-element_type=\"widget\" data-widget_type=\"heading.default\">\n\t\t\t\t<div class=\"elementor-widget-container\">\n\t\t\t\t\t<h4 class=\"elementor-heading-title elementor-size-default\">F\u00fcr die 10. Klassen<\/h4>\t\t\t\t<\/div>\n\t\t\t\t<\/div>\n\t\t\t\t<div class=\"elementor-element elementor-element-12fdbac elementor-widget elementor-widget-text-editor\" data-id=\"12fdbac\" data-element_type=\"widget\" data-widget_type=\"text-editor.default\">\n\t\t\t\t<div class=\"elementor-widget-container\">\n\t\t\t\t\t\t\t\t\t<ul><li><a href=\"#\">Anmeldung<\/a><\/li><li><a href=\"#\">Elterninformation<\/a><\/li><\/ul>\t\t\t\t\t\t\t\t<\/div>\n\t\t\t\t<\/div>\n\t\t\t\t\t<\/div>\n\t\t<\/div>\n\t\t\t\t\t<\/div>\n\t\t<\/section>\n\t\t\t\t\t<\/div>\n\t\t<\/div>\n\t\t\t\t\t<\/div>\n\t\t<\/section>\n\t\t\t\t<\/div>\n\t\t","protected":false},"excerpt":{"rendered":"<p>Infos\/Schreiben Allgemein MPRS-Schulinformation23-24 MPRS-Schulordnung_2023 Antrag-auf-Beurlaubung-vom-Unterricht Antrag-auf-Beurlaubung-vom-Unterricht pdf Schulkonferenz_Infoblatt Buspl\u00e4ne Bad_Kroz._Schulzentrum_Abfahrt-Stand-15.12.2023 Bad_Kroz._Schulzentrum_Ankunft-Stand-15.12.2023 Bad_Kroz._Sportbad_Bahnhof_Abfahrt-3 Bad_Kroz._Sportbad_Heitersheim_Abfahrt Kontakt \u00d6PNV Kontakt-OePNV-MPRS-Website-neu Informationen zu den Abschl\u00fcssen G- und M-Niveau KUMI_Flyer_StarkeRealschule_170126_online \u00dcbersicht neue Wahlpflichtf\u00e4cher (Klasse 6\/7) Flyer_Wahlpflichtf\u00e4cher_2017 Informationsschreiben neuLernkonzepten an der RS RS_Lernen_151012_ONLINE Sch\u00fcler-Abo Online-Bestellformular_Jugendticket F\u00f6rderkreis Beitrittserklaerung-FK-MPRS_2023-04-29 FK-MPRS-DSGVO-Datenschutzhinweis-2023-04-30 Foerderkreis-Flyer-2023 \u00a0 Termine Termin\u00fcbersicht Jahresplan MPRS Schuljahr 2023\/2024 Termine-Homepage-2023-24-Stand-22.02.2024 Ferienplan MPRS Schuljahr 2023\/2024 Ferien-2023-2024-Bad-Krozingen [&hellip;]<\/p>\n","protected":false},"author":1,"featured_media":0,"parent":0,"menu_order":0,"comment_status":"closed","ping_status":"closed","template":"","meta":{"site-sidebar-layout":"no-sidebar","site-content-layout":"page-builder","ast-site-content-layout":"","site-content-style":"default","site-sidebar-style":"default","ast-global-header-display":"","ast-banner-title-visibility":"","ast-main-header-display":"","ast-hfb-above-header-display":"","ast-hfb-below-header-display":"","ast-hfb-mobile-header-display":"","site-post-title":"disabled","ast-breadcrumbs-content":"","ast-featured-img":"disabled","footer-sml-layout":"","theme-transparent-header-meta":"","adv-header-id-meta":"","stick-header-meta":"","header-above-stick-meta":"","header-main-stick-meta":"","header-below-stick-meta":"","astra-migrate-meta-layouts":"default","ast-page-background-enabled":"default","ast-page-background-meta":{"desktop":{"background-color":"var(--ast-global-color-4)","background-image":"","background-repeat":"repeat","background-position":"center center","background-size":"auto","background-attachment":"scroll","background-type":"","background-media":"","overlay-type":"","overlay-color":"","overlay-opacity":"","overlay-gradient":""},"tablet":{"background-color":"","background-image":"","background-repeat":"repeat","background-position":"center center","background-size":"auto","background-attachment":"scroll","background-type":"","background-media":"","overlay-type":"","overlay-color":"","overlay-opacity":"","overlay-gradient":""},"mobile":{"background-color":"","background-image":"","background-repeat":"repeat","background-position":"center center","background-size":"auto","background-attachment":"scroll","background-type":"","background-media":"","overlay-type":"","overlay-color":"","overlay-opacity":"","overlay-gradient":""}},"ast-content-background-meta":{"desktop":{"background-color":"var(--ast-global-color-5)","background-image":"","background-repeat":"repeat","background-position":"center center","background-size":"auto","background-attachment":"scroll","background-type":"","background-media":"","overlay-type":"","overlay-color":"","overlay-opacity":"","overlay-gradient":""},"tablet":{"background-color":"var(--ast-global-color-5)","background-image":"","background-repeat":"repeat","background-position":"center center","background-size":"auto","background-attachment":"scroll","background-type":"","background-media":"","overlay-type":"","overlay-color":"","overlay-opacity":"","overlay-gradient":""},"mobile":{"background-color":"var(--ast-global-color-5)","background-image":"","background-repeat":"repeat","background-position":"center center","background-size":"auto","background-attachment":"scroll","background-type":"","background-media":"","overlay-type":"","overlay-color":"","overlay-opacity":"","overlay-gradient":""}},"footnotes":""},"class_list":["post-328","page","type-page","status-publish","hentry"],"_links":{"self":[{"href":"https:\/\/max-planck-rs.adoring-tesla.88-198-121-67.plesk.page\/index.php?rest_route=\/wp\/v2\/pages\/328","targetHints":{"allow":["GET"]}}],"collection":[{"href":"https:\/\/max-planck-rs.adoring-tesla.88-198-121-67.plesk.page\/index.php?rest_route=\/wp\/v2\/pages"}],"about":[{"href":"https:\/\/max-planck-rs.adoring-tesla.88-198-121-67.plesk.page\/index.php?rest_route=\/wp\/v2\/types\/page"}],"author":[{"embeddable":true,"href":"https:\/\/max-planck-rs.adoring-tesla.88-198-121-67.plesk.page\/index.php?rest_route=\/wp\/v2\/users\/1"}],"replies":[{"embeddable":true,"href":"https:\/\/max-planck-rs.adoring-tesla.88-198-121-67.plesk.page\/index.php?rest_route=%2Fwp%2Fv2%2Fcomments&post=328"}],"version-history":[{"count":55,"href":"https:\/\/max-planck-rs.adoring-tesla.88-198-121-67.plesk.page\/index.php?rest_route=\/wp\/v2\/pages\/328\/revisions"}],"predecessor-version":[{"id":26010,"href":"https:\/\/max-planck-rs.adoring-tesla.88-198-121-67.plesk.page\/index.php?rest_route=\/wp\/v2\/pages\/328\/revisions\/26010"}],"wp:attachment":[{"href":"https:\/\/max-planck-rs.adoring-tesla.88-198-121-67.plesk.page\/index.php?rest_route=%2Fwp%2Fv2%2Fmedia&parent=328"}],"curies":[{"name":"wp","href":"https:\/\/api.w.org\/{rel}","templated":true}]}}